{"id":2044,"date":"2018-05-25T04:39:02","date_gmt":"2018-05-25T04:39:02","guid":{"rendered":"https:\/\/pansionbegusic.com\/pocetna\/"},"modified":"2025-10-01T17:54:11","modified_gmt":"2025-10-01T15:54:11","slug":"startseite","status":"publish","type":"page","link":"https:\/\/pansionbegusic.com\/de\/","title":{"rendered":"STARTSEITE"},"content":{"rendered":"<div class=\"wpb-content-wrapper\"><p>[vc_row full_width=&#8220;stretch_row&#8220; shadow_x_offset=&#8220;0&#8243; shadow_y_offset=&#8220;0&#8243; shadow_blur=&#8220;0&#8243; shadow_spread=&#8220;0&#8243; shadow_color=&#8220;&#8220; el_class=&#8220;overlap&#8220;][vc_column shadow_x_offset=&#8220;0&#8243; shadow_y_offset=&#8220;0&#8243; shadow_blur=&#8220;0&#8243; shadow_spread=&#8220;0&#8243; offset=&#8220;vc_col-lg-offset-1 vc_col-lg-10 vc_col-md-offset-1 vc_col-md-10 vc_col-xs-12&#8243;][rev_slider_vc alias=&#8220;home-12&#8243;][\/vc_column][\/vc_row][vc_section css=&#8220;.vc_custom_1538719318483{margin-top: -35px !important;background-image: url(https:\/\/pansionbegusic.com\/wp-content\/uploads\/2018\/10\/pat2.png?id=1308) !important;}&#8220; el_class=&#8220;fixed_bg&#8220;][vc_row full_width=&#8220;stretch_row&#8220; shadow_x_offset=&#8220;0&#8243; shadow_y_offset=&#8220;0&#8243; shadow_blur=&#8220;0&#8243; shadow_spread=&#8220;0&#8243; shadow_color=&#8220;&#8220; el_class=&#8220;overlap&#8220; css=&#8220;.vc_custom_1533026956511{margin-right: 0px !important;margin-left: 0px !important;padding-right: 15px !important;padding-left: 15px !important;}&#8220;][vc_column css_animation=&#8220;none&#8220; shadow_x_offset=&#8220;&#8220; shadow_y_offset=&#8220;&#8220; shadow_blur=&#8220;&#8220; shadow_spread=&#8220;&#8220; shadow_color=&#8220;&#8220; offset=&#8220;vc_col-lg-offset-0 vc_col-lg-12 vc_col-md-offset-0 vc_col-md-12 vc_col-xs-12&#8243; css=&#8220;.vc_custom_1538048195465{margin-top: -101px !important;}&#8220;][\/vc_column][\/vc_row][vc_row][vc_column][stm_spacer height=&#8220;124&#8243; height_tablet=&#8220;100&#8243; height_mobile=&#8220;100&#8243;][vc_custom_heading text=&#8220;Das Beste f\u00fcr Sie&#8220; font_container=&#8220;tag:h2|text_align:center&#8220; use_theme_fonts=&#8220;yes&#8220; heading_icon=&#8220;stmicon-haircut&#8220; heading_icon_color=&#8220;ttc&#8220;][\/vc_column][\/vc_row][vc_row equal_height=&#8220;yes&#8220; shadow_x_offset=&#8220;0&#8243; shadow_y_offset=&#8220;0&#8243; shadow_blur=&#8220;0&#8243; shadow_spread=&#8220;0&#8243; shadow_color=&#8220;&#8220; css=&#8220;.vc_custom_1538027219361{padding-top: 27px !important;padding-right: 30px !important;padding-left: 30px !important;}&#8220; el_class=&#8220;sm_ml_0 sm_mr_0&#8243;][vc_column css_animation=&#8220;none&#8220; width=&#8220;1\/2&#8243; shadow_x_offset=&#8220;0&#8243; shadow_y_offset=&#8220;0&#8243; shadow_blur=&#8220;0&#8243; shadow_spread=&#8220;0&#8243; shadow_color=&#8220;&#8220; css=&#8220;.vc_custom_1758546939631{background-image: url(https:\/\/pansionbegusic.com\/wp-content\/uploads\/2025\/09\/WhatsApp-Image-2025-09-17-at-16.40.33-5-1.jpg?id=1427) !important;background-position: center !important;background-repeat: no-repeat !important;background-size: cover !important;}&#8220; offset=&#8220;vc_col-lg-offset-0 vc_col-lg-6 vc_col-md-offset-0 vc_col-md-6 vc_col-xs-12&#8243; el_class=&#8220;stm_zoom_bg&#8220;][stm_spacer height=&#8220;0&#8243; height_tablet=&#8220;0&#8243; height_mobile=&#8220;350&#8243;][\/vc_column][vc_column css_animation=&#8220;none&#8220; width=&#8220;1\/2&#8243; shadow_x_offset=&#8220;0&#8243; shadow_y_offset=&#8220;0&#8243; shadow_blur=&#8220;0&#8243; shadow_spread=&#8220;0&#8243; shadow_color=&#8220;&#8220; css=&#8220;.vc_custom_1538027326972{padding-top: 0px !important;background-color: #ffffff !important;}&#8220; offset=&#8220;vc_col-lg-6 vc_col-md-6 vc_col-xs-12&#8243;][vc_row_inner][vc_column_inner shadow_x_offset=&#8220;0&#8243; shadow_y_offset=&#8220;0&#8243; shadow_blur=&#8220;0&#8243; shadow_spread=&#8220;0&#8243; shadow_color=&#8220;&#8220; offset=&#8220;vc_col-lg-offset-0 vc_col-lg-12 vc_col-md-offset-0 vc_col-md-12 vc_col-xs-12&#8243; css=&#8220;.vc_custom_1538027472213{padding-top: 0px !important;}&#8220;][stm_spacer height=&#8220;73&#8243; height_mobile=&#8220;50&#8243; height_tablet_landscape=&#8220;0&#8243; height_tablet=&#8220;60&#8243;][vc_custom_heading text=&#8220;ZIMMER UND APPARTEMENTS&#8220; font_container=&#8220;tag:h4|text_align:center&#8220; use_theme_fonts=&#8220;yes&#8220; css=&#8220;.vc_custom_1759159978462{margin-bottom: 30px !important;}&#8220;][vc_column_text css=&#8220;.vc_custom_1759160031441{margin-bottom: 44px !important;padding-right: 45px !important;padding-left: 45px !important;}&#8220; el_class=&#8220;sm_pl_15 sm_pr_15&#8243;]<\/p>\n<p style=\"text-align: center;\">Unsere Zimmer strahlen W\u00e4rme und Harmonie aus und schaffen eine angenehme Atmosph\u00e4re f\u00fcr jeden Gast. Ger\u00e4umigkeit und bequeme Betten sorgen f\u00fcr einen ruhigen Schlaf und vollst\u00e4ndige Entspannung.<\/p>\n<p>[\/vc_column_text][stm_button button_style=&#8220;outline&#8220; button_size=&#8220;lg&#8220; button_pos=&#8220;center&#8220; button_icon_pos=&#8220;left&#8220; button_icon=&#8220;stmicon-arrow_forward&#8220; button_icon_class=&#8220;custom&#8220; button_icon_color=&#8220;#ffac41&#8243; button_icon_color_hover=&#8220;#ffffff&#8220; button_icon_size=&#8220;20&#8243; link=&#8220;url:%2Fde%2Fueber-uns%2F&#8220;][stm_spacer height=&#8220;60&#8243; height_mobile=&#8220;40&#8243; height_tablet_landscape=&#8220;0&#8243; height_tablet=&#8220;50&#8243;][\/vc_column_inner][\/vc_row_inner][\/vc_column][\/vc_row][vc_row][vc_column][stm_spacer height=&#8220;0&#8243; height_tablet=&#8220;0&#8243; height_mobile=&#8220;50&#8243;][\/vc_column][\/vc_row][vc_row equal_height=&#8220;yes&#8220; shadow_x_offset=&#8220;0&#8243; shadow_y_offset=&#8220;0&#8243; shadow_blur=&#8220;0&#8243; shadow_spread=&#8220;0&#8243; shadow_color=&#8220;&#8220; css=&#8220;.vc_custom_1538027425183{padding-right: 30px !important;padding-left: 30px !important;}&#8220; el_class=&#8220;sm_ml_0 sm_mr_0&#8243;][vc_column css_animation=&#8220;none&#8220; width=&#8220;1\/2&#8243; shadow_x_offset=&#8220;0&#8243; shadow_y_offset=&#8220;0&#8243; shadow_blur=&#8220;0&#8243; shadow_spread=&#8220;0&#8243; shadow_color=&#8220;&#8220; css=&#8220;.vc_custom_1538027370250{padding-top: 0px !important;background-color: #ffffff !important;}&#8220; offset=&#8220;vc_col-lg-offset-0 vc_col-lg-6 vc_col-md-offset-0 vc_col-md-6 vc_col-xs-12&#8243;][vc_row_inner][vc_column_inner shadow_x_offset=&#8220;0&#8243; shadow_y_offset=&#8220;0&#8243; shadow_blur=&#8220;0&#8243; shadow_spread=&#8220;0&#8243; shadow_color=&#8220;&#8220; offset=&#8220;vc_col-lg-offset-0 vc_col-lg-12 vc_col-md-offset-0 vc_col-md-12 vc_col-xs-12&#8243; css=&#8220;.vc_custom_1538027485079{padding-top: 0px !important;}&#8220;][stm_spacer height=&#8220;73&#8243; height_mobile=&#8220;50&#8243; height_tablet_landscape=&#8220;0&#8243; height_tablet=&#8220;60&#8243;][vc_custom_heading text=&#8220;MEDJUGORJE&#8220; font_container=&#8220;tag:h4|text_align:center&#8220; use_theme_fonts=&#8220;yes&#8220; css=&#8220;.vc_custom_1759160064139{margin-bottom: 30px !important;}&#8220;][vc_column_text css=&#8220;.vc_custom_1759160117001{margin-bottom: 44px !important;padding-right: 45px !important;padding-left: 45px !important;}&#8220; el_class=&#8220;sm_pl_15 sm_pr_15&#8243;]<\/p>\n<p style=\"text-align: center;\">Medjugorje ist ein weltweit bekanntes Wallfahrtsziel in Herzegowina, bekannt f\u00fcr seinen Glauben, sein Gebet und seinen spirituellen Frieden.<\/p>\n<p>[\/vc_column_text][stm_spacer height=&#8220;60&#8243; height_mobile=&#8220;40&#8243; height_tablet_landscape=&#8220;0&#8243; height_tablet=&#8220;50&#8243;][\/vc_column_inner][\/vc_row_inner][\/vc_column][vc_column css_animation=&#8220;none&#8220; width=&#8220;1\/2&#8243; shadow_x_offset=&#8220;0&#8243; shadow_y_offset=&#8220;0&#8243; shadow_blur=&#8220;0&#8243; shadow_spread=&#8220;0&#8243; shadow_color=&#8220;&#8220; css=&#8220;.vc_custom_1758546402311{background-image: url(https:\/\/pansionbegusic.com\/wp-content\/uploads\/2025\/09\/Medjugorje.jpg?id=1425) !important;background-position: center !important;background-repeat: no-repeat !important;background-size: cover !important;}&#8220; offset=&#8220;vc_col-lg-offset-0 vc_col-lg-6 vc_col-md-offset-0 vc_col-md-6 vc_col-xs-12&#8243; el_class=&#8220;stm_zoom_bg&#8220;][stm_spacer height=&#8220;0&#8243; height_tablet=&#8220;0&#8243; height_mobile=&#8220;350&#8243;][\/vc_column][\/vc_row][vc_row][vc_column][stm_spacer height=&#8220;0&#8243; height_tablet=&#8220;0&#8243; height_mobile=&#8220;50&#8243;][\/vc_column][\/vc_row][vc_row equal_height=&#8220;yes&#8220; shadow_x_offset=&#8220;0&#8243; shadow_y_offset=&#8220;0&#8243; shadow_blur=&#8220;0&#8243; shadow_spread=&#8220;0&#8243; shadow_color=&#8220;&#8220; css=&#8220;.vc_custom_1538027432371{padding-right: 30px !important;padding-left: 30px !important;}&#8220; el_class=&#8220;sm_ml_0 sm_mr_0&#8243;][vc_column css_animation=&#8220;none&#8220; width=&#8220;1\/2&#8243; shadow_x_offset=&#8220;0&#8243; shadow_y_offset=&#8220;0&#8243; shadow_blur=&#8220;0&#8243; shadow_spread=&#8220;0&#8243; shadow_color=&#8220;&#8220; css=&#8220;.vc_custom_1758546182037{background-image: url(https:\/\/pansionbegusic.com\/wp-content\/uploads\/2025\/09\/Brdo-ukazanja.jpg?id=1424) !important;background-position: center !important;background-repeat: no-repeat !important;background-size: cover !important;}&#8220; offset=&#8220;vc_col-lg-offset-0 vc_col-lg-6 vc_col-md-offset-0 vc_col-md-6 vc_col-xs-12&#8243; el_class=&#8220;stm_zoom_bg&#8220;][stm_spacer height=&#8220;0&#8243; height_tablet=&#8220;0&#8243; height_mobile=&#8220;350&#8243;][\/vc_column][vc_column css_animation=&#8220;none&#8220; width=&#8220;1\/2&#8243; shadow_x_offset=&#8220;0&#8243; shadow_y_offset=&#8220;0&#8243; shadow_blur=&#8220;0&#8243; shadow_spread=&#8220;0&#8243; shadow_color=&#8220;&#8220; css=&#8220;.vc_custom_1538027392124{padding-top: 0px !important;background-color: #ffffff !important;}&#8220; offset=&#8220;vc_col-lg-6 vc_col-md-6 vc_col-xs-12&#8243;][vc_row_inner][vc_column_inner shadow_x_offset=&#8220;0&#8243; shadow_y_offset=&#8220;0&#8243; shadow_blur=&#8220;0&#8243; shadow_spread=&#8220;0&#8243; shadow_color=&#8220;&#8220; offset=&#8220;vc_col-lg-offset-0 vc_col-lg-12 vc_col-md-offset-0 vc_col-md-12 vc_col-xs-12&#8243; css=&#8220;.vc_custom_1538027496996{padding-top: 0px !important;}&#8220;][stm_spacer height=&#8220;73&#8243; height_mobile=&#8220;50&#8243; height_tablet_landscape=&#8220;0&#8243; height_tablet=&#8220;60&#8243;][vc_custom_heading text=&#8220;ERSCHEINUNGSBERG&#8220; font_container=&#8220;tag:h4|text_align:center&#8220; use_theme_fonts=&#8220;yes&#8220; css=&#8220;.vc_custom_1759160180294{margin-bottom: 30px !important;}&#8220;][vc_column_text css=&#8220;.vc_custom_1759160239175{margin-bottom: 44px !important;padding-right: 45px !important;padding-left: 45px !important;}&#8220; el_class=&#8220;sm_pl_15 sm_pr_15&#8243;]<\/p>\n<p style=\"text-align: center;\">Der Erscheinungsberg ist ein Ort, an dem Gebet und Stille zu einer tiefen Glaubenserfahrung verschmelzen und Pilger Frieden, Hoffnung und Kraft f\u00fcr ihre Lebensreise finden.<\/p>\n<p>[\/vc_column_text][stm_spacer height=&#8220;60&#8243; height_mobile=&#8220;40&#8243; height_tablet_landscape=&#8220;0&#8243; height_tablet=&#8220;50&#8243;][\/vc_column_inner][\/vc_row_inner][\/vc_column][\/vc_row][vc_row][vc_column][stm_spacer height=&#8220;90&#8243; height_tablet=&#8220;70&#8243; height_mobile=&#8220;50&#8243;][\/vc_column][\/vc_row][\/vc_section][vc_section css=&#8220;.vc_custom_1537869517070{padding-top: 0px !important;}&#8220;][vc_row full_width=&#8220;stretch_row&#8220; shadow_x_offset=&#8220;0&#8243; shadow_y_offset=&#8220;0&#8243; shadow_blur=&#8220;0&#8243; shadow_spread=&#8220;0&#8243; shadow_color=&#8220;&#8220; css=&#8220;.vc_custom_1537940056087{background-position: 0 0 !important;background-repeat: repeat !important;}&#8220;][vc_column width=&#8220;1\/4&#8243; shadow_x_offset=&#8220;0&#8243; shadow_y_offset=&#8220;0&#8243; shadow_blur=&#8220;0&#8243; shadow_spread=&#8220;0&#8243; shadow_color=&#8220;&#8220;][\/vc_column][vc_column width=&#8220;1\/2&#8243;][stm_spacer height=&#8220;123&#8243; height_tablet=&#8220;100&#8243; height_mobile=&#8220;100&#8243;][vc_custom_heading text=&#8220;Warum uns w\u00e4hlen&#8220; font_container=&#8220;tag:h2|text_align:center&#8220; use_theme_fonts=&#8220;yes&#8220; heading_icon=&#8220;stmicon-haircut&#8220; heading_icon_color=&#8220;ttc&#8220;][vc_column_text css=&#8220;.vc_custom_1759160298551{margin-bottom: 0px !important;}&#8220;]<\/p>\n<p style=\"text-align: center;\">Dies sind nur einige der Vorteile, die unser G\u00e4stehaus bietet, sowie die Lage der Unterkunft selbst<\/p>\n<p>[\/vc_column_text][\/vc_column][vc_column width=&#8220;1\/4&#8243;][\/vc_column][\/vc_row][vc_row full_width=&#8220;stretch_row&#8220; shadow_x_offset=&#8220;0&#8243; shadow_y_offset=&#8220;0&#8243; shadow_blur=&#8220;0&#8243; shadow_spread=&#8220;0&#8243; shadow_color=&#8220;&#8220; css=&#8220;.vc_custom_1538030696169{padding-top: 50px !important;padding-bottom: 50px !important;}&#8220;][vc_column][vc_row_inner css=&#8220;.vc_custom_1538030529201{padding-bottom: 0px !important;}&#8220;][vc_column_inner width=&#8220;1\/4&#8243; shadow_x_offset=&#8220;0&#8243; shadow_y_offset=&#8220;0&#8243; shadow_blur=&#8220;0&#8243; shadow_spread=&#8220;0&#8243; shadow_color=&#8220;&#8220; offset=&#8220;vc_col-xs-6&#8243; css=&#8220;.vc_custom_1759334034874{margin-bottom: -40px !important;}&#8220;][stm_icon icon_color=&#8220;ttc&#8220; icon_align=&#8220;center&#8220; height=&#8220;80&#8243; icon_styled_bg=&#8220;enable&#8220; icon=&#8220;stmicon-hotel-internet&#8220;][vc_custom_heading text=&#8220;KOSTENLOSES WLAN&#8220; font_container=&#8220;tag:h6|text_align:center&#8220; use_theme_fonts=&#8220;yes&#8220;][stm_spacer height=&#8220;20&#8243;][\/vc_column_inner][vc_column_inner width=&#8220;1\/4&#8243; shadow_x_offset=&#8220;0&#8243; shadow_y_offset=&#8220;0&#8243; shadow_blur=&#8220;0&#8243; shadow_spread=&#8220;0&#8243; offset=&#8220;vc_col-xs-6&#8243;][stm_icon icon_color=&#8220;ttc&#8220; icon_align=&#8220;center&#8220; height=&#8220;65&#8243; icon_styled_bg=&#8220;enable&#8220; icon=&#8220;stmicon-hotel-laundry&#8220;][vc_custom_heading text=&#8220;W\u00c4SCHEREI&#8220; font_container=&#8220;tag:h6|text_align:center&#8220; use_theme_fonts=&#8220;yes&#8220;][stm_spacer height=&#8220;20&#8243;][\/vc_column_inner][vc_column_inner width=&#8220;1\/4&#8243; shadow_x_offset=&#8220;0&#8243; shadow_y_offset=&#8220;0&#8243; shadow_blur=&#8220;0&#8243; shadow_spread=&#8220;0&#8243; offset=&#8220;vc_col-xs-6&#8243;][stm_icon icon_color=&#8220;ttc&#8220; icon_align=&#8220;center&#8220; height=&#8220;66&#8243; icon_styled_bg=&#8220;enable&#8220; icon=&#8220;stmicon-hotel-restaurant&#8220;][vc_custom_heading text=&#8220;K\u00dcCHE&#8220; font_container=&#8220;tag:h6|text_align:center&#8220; use_theme_fonts=&#8220;yes&#8220;][stm_spacer height=&#8220;20&#8243;][\/vc_column_inner][vc_column_inner width=&#8220;1\/4&#8243; shadow_x_offset=&#8220;0&#8243; shadow_y_offset=&#8220;0&#8243; shadow_blur=&#8220;0&#8243; shadow_spread=&#8220;0&#8243; offset=&#8220;vc_col-xs-6&#8243;][stm_icon icon_color=&#8220;ttc&#8220; icon_align=&#8220;center&#8220; height=&#8220;70&#8243; icon_styled_bg=&#8220;enable&#8220; icon=&#8220;stmicon-parking&#8220;][vc_custom_heading text=&#8220;PARKEN&#8220; font_container=&#8220;tag:h6|text_align:center&#8220; use_theme_fonts=&#8220;yes&#8220;][stm_spacer height=&#8220;20&#8243;][\/vc_column_inner][\/vc_row_inner][vc_row_inner css=&#8220;.vc_custom_1538030529201{padding-bottom: 0px !important;}&#8220;][vc_column_inner width=&#8220;1\/4&#8243; shadow_x_offset=&#8220;0&#8243; shadow_y_offset=&#8220;0&#8243; shadow_blur=&#8220;0&#8243; shadow_spread=&#8220;0&#8243; shadow_color=&#8220;&#8220; offset=&#8220;vc_col-xs-6&#8243; css=&#8220;.vc_custom_1759334045082{margin-bottom: -40px !important;}&#8220;][stm_icon icon_color=&#8220;ttc&#8220; icon_align=&#8220;center&#8220; height=&#8220;80&#8243; icon_styled_bg=&#8220;enable&#8220; icon=&#8220;stmicon-pets&#8220;][vc_custom_heading text=&#8220;HAUSTIERE ERLAUBT&#8220; font_container=&#8220;tag:h6|text_align:center&#8220; use_theme_fonts=&#8220;yes&#8220;][stm_spacer height=&#8220;20&#8243;][\/vc_column_inner][vc_column_inner width=&#8220;1\/4&#8243; shadow_x_offset=&#8220;0&#8243; shadow_y_offset=&#8220;0&#8243; shadow_blur=&#8220;0&#8243; shadow_spread=&#8220;0&#8243; offset=&#8220;vc_col-xs-6&#8243;][stm_icon icon_color=&#8220;ttc&#8220; icon_align=&#8220;center&#8220; height=&#8220;65&#8243; icon_styled_bg=&#8220;enable&#8220; icon=&#8220;stmicon-hotel_hotel&#8220;][vc_custom_heading text=&#8220;APOTHEKE&#8220; font_container=&#8220;tag:h6|text_align:center&#8220; use_theme_fonts=&#8220;yes&#8220;][stm_spacer height=&#8220;20&#8243;][\/vc_column_inner][vc_column_inner width=&#8220;1\/4&#8243; shadow_x_offset=&#8220;0&#8243; shadow_y_offset=&#8220;0&#8243; shadow_blur=&#8220;0&#8243; shadow_spread=&#8220;0&#8243; offset=&#8220;vc_col-xs-6&#8243;][stm_icon icon_color=&#8220;ttc&#8220; icon_align=&#8220;center&#8220; height=&#8220;66&#8243; icon_styled_bg=&#8220;enable&#8220; icon=&#8220;stmicon-shopping&#8220;][vc_custom_heading text=&#8220;GESCH\u00c4FT&#8220; font_container=&#8220;tag:h6|text_align:center&#8220; use_theme_fonts=&#8220;yes&#8220;][stm_spacer height=&#8220;20&#8243;][\/vc_column_inner][vc_column_inner width=&#8220;1\/4&#8243; shadow_x_offset=&#8220;0&#8243; shadow_y_offset=&#8220;0&#8243; shadow_blur=&#8220;0&#8243; shadow_spread=&#8220;0&#8243; offset=&#8220;vc_col-xs-6&#8243;][stm_icon icon_color=&#8220;ttc&#8220; icon_align=&#8220;center&#8220; height=&#8220;66&#8243; icon_styled_bg=&#8220;enable&#8220; icon=&#8220;stmicon-hotel-breakfast2&#8243;][vc_custom_heading text=&#8220;CAF\u00c9-BAR&#8220; font_container=&#8220;tag:h6|text_align:center&#8220; use_theme_fonts=&#8220;yes&#8220;][stm_spacer height=&#8220;20&#8243;][\/vc_column_inner][\/vc_row_inner][\/vc_column][\/vc_row][\/vc_section][vc_section full_width=&#8220;stretch_row&#8220; css=&#8220;.vc_custom_1537940429032{padding-top: 0px !important;background-color: #3a3138 !important;}&#8220;][vc_row full_width=&#8220;stretch_row&#8220; shadow_x_offset=&#8220;0&#8243; shadow_y_offset=&#8220;0&#8243; shadow_blur=&#8220;0&#8243; shadow_spread=&#8220;0&#8243; shadow_color=&#8220;&#8220; css=&#8220;.vc_custom_1537940056087{background-position: 0 0 !important;background-repeat: repeat !important;}&#8220;][vc_column width=&#8220;1\/4&#8243; shadow_x_offset=&#8220;0&#8243; shadow_y_offset=&#8220;0&#8243; shadow_blur=&#8220;0&#8243; shadow_spread=&#8220;0&#8243; shadow_color=&#8220;&#8220;][\/vc_column][vc_column width=&#8220;1\/2&#8243;][stm_spacer height=&#8220;118&#8243; height_tablet=&#8220;100&#8243; height_mobile=&#8220;100&#8243;][vc_custom_heading text=&#8220;Galerie&#8220; font_container=&#8220;tag:h2|text_align:center|color:%23ffffff&#8220; use_theme_fonts=&#8220;yes&#8220; heading_icon=&#8220;stmicon-haircut&#8220; heading_icon_color=&#8220;mtc&#8220; css=&#8220;.vc_custom_1759160601672{margin-bottom: 45px !important;}&#8220;][\/vc_column][vc_column width=&#8220;1\/4&#8243;][\/vc_column][\/vc_row][vc_row][vc_column][stm_carousel_gallery images_effect=&#8220;0&#8243; lightgallery=&#8220;disable&#8220; images_margin=&#8220;30&#8243; autoscroll=&#8220;disable&#8220; thumbnails=&#8220;disable&#8220; visibility=&#8220;enable&#8220; description=&#8220;disable&#8220; images=&#8220;1488,1487,1485,1474,1489,1486&#8243; image_size=&#8220;1170&#215;660&#8243;][\/vc_column][\/vc_row][\/vc_section]<\/p>\n<\/div>","protected":false},"excerpt":{"rendered":"<p>[vc_row full_width=&#8220;stretch_row&#8220; shadow_x_offset=&#8220;0&#8243; shadow_y_offset=&#8220;0&#8243; shadow_blur=&#8220;0&#8243; shadow_spread=&#8220;0&#8243; shadow_color=&#8220;&#8220; el_class=&#8220;overlap&#8220;][vc_column shadow_x_offset=&#8220;0&#8243; shadow_y_offset=&#8220;0&#8243; shadow_blur=&#8220;0&#8243; shadow_spread=&#8220;0&#8243; offset=&#8220;vc_col-lg-offset-1 vc_col-lg-10 vc_col-md-offset-1 vc_col-md-10 vc_col-xs-12&#8243;][rev_slider_vc alias=&#8220;home-12&#8243;][\/vc_column][\/vc_row][vc_section css=&#8220;.vc_custom_1538719318483{margin-top: -35px !important;background-image: url(https:\/\/pansionbegusic.com\/wp-content\/uploads\/2018\/10\/pat2.png?id=1308) !important;}&#8220; el_class=&#8220;fixed_bg&#8220;][vc_row full_width=&#8220;stretch_row&#8220; shadow_x_offset=&#8220;0&#8243; shadow_y_offset=&#8220;0&#8243; shadow_blur=&#8220;0&#8243; shadow_spread=&#8220;0&#8243; shadow_color=&#8220;&#8220; el_class=&#8220;overlap&#8220; css=&#8220;.vc_custom_1533026956511{margin-right: 0px !important;margin-left: 0px !important;padding-right: 15px !important;padding-left: 15px !important;}&#8220;][vc_column css_animation=&#8220;none&#8220; shadow_x_offset=&#8220;&#8220; shadow_y_offset=&#8220;&#8220; shadow_blur=&#8220;&#8220; shadow_spread=&#8220;&#8220; shadow_color=&#8220;&#8220; offset=&#8220;vc_col-lg-offset-0 vc_col-lg-12 vc_col-md-offset-0 vc_col-md-12 vc_col-xs-12&#8243; css=&#8220;.vc_custom_1538048195465{margin-top: -101px !important;}&#8220;][\/vc_column][\/vc_row][vc_row][vc_column][stm_spacer height=&#8220;124&#8243; [&hellip;]<\/p>\n","protected":false},"author":2,"featured_media":0,"parent":0,"menu_order":0,"comment_status":"closed","ping_status":"closed","template":"","meta":{"_joinchat":[],"footnotes":""},"class_list":["post-2044","page","type-page","status-publish","hentry"],"aioseo_notices":[],"_links":{"self":[{"href":"https:\/\/pansionbegusic.com\/de\/wp-json\/wp\/v2\/pages\/2044","targetHints":{"allow":["GET"]}}],"collection":[{"href":"https:\/\/pansionbegusic.com\/de\/wp-json\/wp\/v2\/pages"}],"about":[{"href":"https:\/\/pansionbegusic.com\/de\/wp-json\/wp\/v2\/types\/page"}],"author":[{"embeddable":true,"href":"https:\/\/pansionbegusic.com\/de\/wp-json\/wp\/v2\/users\/2"}],"replies":[{"embeddable":true,"href":"https:\/\/pansionbegusic.com\/de\/wp-json\/wp\/v2\/comments?post=2044"}],"version-history":[{"count":5,"href":"https:\/\/pansionbegusic.com\/de\/wp-json\/wp\/v2\/pages\/2044\/revisions"}],"predecessor-version":[{"id":2151,"href":"https:\/\/pansionbegusic.com\/de\/wp-json\/wp\/v2\/pages\/2044\/revisions\/2151"}],"wp:attachment":[{"href":"https:\/\/pansionbegusic.com\/de\/wp-json\/wp\/v2\/media?parent=2044"}],"curies":[{"name":"wp","href":"https:\/\/api.w.org\/{rel}","templated":true}]}}