{"id":2047,"date":"2018-06-04T16:05:39","date_gmt":"2018-06-04T16:05:39","guid":{"rendered":"https:\/\/pansionbegusic.com\/o-nama\/"},"modified":"2025-10-01T17:54:38","modified_gmt":"2025-10-01T15:54:38","slug":"ueber-uns","status":"publish","type":"page","link":"https:\/\/pansionbegusic.com\/de\/ueber-uns\/","title":{"rendered":"\u00dcBER UNS"},"content":{"rendered":"<div class=\"wpb-content-wrapper\"><p>[vc_row][vc_column][stm_spacer height=&#8220;40&#8243; height_tablet=&#8220;30&#8243; height_mobile=&#8220;20&#8243;][\/vc_column][\/vc_row][vc_row equal_height=&#8220;yes&#8220; content_placement=&#8220;middle&#8220; shadow_x_offset=&#8220;0&#8243; shadow_y_offset=&#8220;0&#8243; shadow_blur=&#8220;0&#8243; shadow_spread=&#8220;0&#8243;][vc_column width=&#8220;1\/3&#8243;][vc_custom_heading text=&#8220;Etwas \u00fcber uns&#8220; font_container=&#8220;tag:h2|font_size:40px|text_align:center|line_height:47px&#8220; use_theme_fonts=&#8220;yes&#8220;][\/vc_column][vc_column width=&#8220;2\/3&#8243;][vc_column_text]Willkommen im Begu\u0161i\u0107 G\u00e4stehaus \u2013 Ihr komfortabler und angenehmer Aufenthalt im Herzen von Me\u0111ugorje<\/p>\n<p>Nur 500 Meter von der St.-Jakobs-Kirche entfernt bietet unser G\u00e4stehaus den idealen Ausgangspunkt f\u00fcr alle, die die lokalen Sehensw\u00fcrdigkeiten erkunden und die ruhige Umgebung genie\u00dfen m\u00f6chten. Das G\u00e4stehaus verf\u00fcgt \u00fcber 8 klimatisierte Zimmer f\u00fcr jeweils zwei Personen, die Komfort und Privatsph\u00e4re w\u00e4hrend Ihres Aufenthalts gew\u00e4hrleisten.<\/p>\n<p>G\u00e4ste profitieren von kostenlosem WLAN, Parkpl\u00e4tzen und einer voll ausgestatteten K\u00fcche mit Essbereich, in der Sie Ihre Mahlzeiten zubereiten und geselliges Beisammensein genie\u00dfen k\u00f6nnen. Unser engagiertes Team ist stets f\u00fcr Sie da, um Ihren Aufenthalt entspannt und unbeschwert zu gestalten. Auch Haustiere sind willkommen.<\/p>\n<p>In unmittelbarer N\u00e4he der Unterkunft, nur 50 Meter entfernt, gibt es einen Supermarkt, eine Apotheke und eine Kaffeebar, w\u00e4hrend der Erscheinungsberg nur 1 Kilometer entfernt ist.<\/p>\n<p>Buchen Sie Ihren Aufenthalt im Begu\u0161i\u0107 G\u00e4stehaus und genie\u00dfen Sie die Kombination aus Komfort, praktischer Ausstattung und einer hervorragenden Lage.[\/vc_column_text][\/vc_column][\/vc_row][vc_row][vc_column][stm_spacer height=&#8220;50&#8243; height_tablet=&#8220;50&#8243; height_mobile=&#8220;30&#8243;][\/vc_column][\/vc_row][vc_row][vc_column width=&#8220;1\/3&#8243;][vc_single_image image=&#8220;1432&#8243; img_size=&#8220;370&#215;450&#8243; alignment=&#8220;center&#8220; onclick=&#8220;link_image&#8220; css_animation=&#8220;none&#8220;][stm_spacer height=&#8220;30&#8243; height_tablet=&#8220;20&#8243; height_mobile=&#8220;10&#8243;][\/vc_column][vc_column width=&#8220;1\/3&#8243;][vc_single_image image=&#8220;1442&#8243; img_size=&#8220;370&#215;450&#8243; alignment=&#8220;center&#8220; onclick=&#8220;link_image&#8220;][stm_spacer height=&#8220;30&#8243; height_tablet=&#8220;20&#8243; height_mobile=&#8220;10&#8243;][\/vc_column][vc_column width=&#8220;1\/3&#8243;][vc_single_image image=&#8220;1434&#8243; img_size=&#8220;370&#215;450&#8243; alignment=&#8220;center&#8220; onclick=&#8220;link_image&#8220;][stm_spacer height=&#8220;30&#8243; height_tablet=&#8220;20&#8243; height_mobile=&#8220;10&#8243;][\/vc_column][\/vc_row][vc_row full_width=&#8220;stretch_row&#8220; shadow_x_offset=&#8220;0&#8243; shadow_y_offset=&#8220;0&#8243; shadow_blur=&#8220;0&#8243; shadow_spread=&#8220;0&#8243; shadow_color=&#8220;&#8220; css=&#8220;.vc_custom_1537940056087{background-position: 0 0 !important;background-repeat: repeat !important;}&#8220;][vc_column width=&#8220;1\/4&#8243; shadow_x_offset=&#8220;0&#8243; shadow_y_offset=&#8220;0&#8243; shadow_blur=&#8220;0&#8243; shadow_spread=&#8220;0&#8243; shadow_color=&#8220;&#8220;][\/vc_column][vc_column width=&#8220;1\/2&#8243;][vc_empty_space height=&#8220;64px&#8220;][vc_custom_heading text=&#8220;Warum Sie sich f\u00fcr uns entscheiden sollten&#8220; font_container=&#8220;tag:h2|text_align:center&#8220; use_theme_fonts=&#8220;yes&#8220; heading_icon=&#8220;stmicon-haircut&#8220; heading_icon_color=&#8220;ttc&#8220;][vc_column_text css=&#8220;.vc_custom_1759161016420{margin-bottom: 0px !important;}&#8220;]<\/p>\n<p style=\"text-align: center;\">Dies sind nur einige der Vorteile, die unser G\u00e4stehaus bietet, sowie die Lage der Unterkunft selbst<\/p>\n<p>[\/vc_column_text][\/vc_column][vc_column width=&#8220;1\/4&#8243;][\/vc_column][\/vc_row][vc_row full_width=&#8220;stretch_row&#8220; shadow_x_offset=&#8220;0&#8243; shadow_y_offset=&#8220;0&#8243; shadow_blur=&#8220;0&#8243; shadow_spread=&#8220;0&#8243; shadow_color=&#8220;&#8220; css=&#8220;.vc_custom_1538030696169{padding-top: 50px !important;padding-bottom: 50px !important;}&#8220;][vc_column][vc_row_inner css=&#8220;.vc_custom_1538030529201{padding-bottom: 0px !important;}&#8220;][vc_column_inner width=&#8220;1\/4&#8243; shadow_x_offset=&#8220;0&#8243; shadow_y_offset=&#8220;0&#8243; shadow_blur=&#8220;0&#8243; shadow_spread=&#8220;0&#8243; shadow_color=&#8220;&#8220; offset=&#8220;vc_col-xs-6&#8243; css=&#8220;.vc_custom_1759334063032{margin-bottom: -40px !important;}&#8220;][stm_icon icon_color=&#8220;ttc&#8220; icon_align=&#8220;center&#8220; height=&#8220;80&#8243; icon_styled_bg=&#8220;enable&#8220; icon=&#8220;stmicon-hotel-internet&#8220;][vc_custom_heading text=&#8220;KOSTENLOSES WLAN&#8220; font_container=&#8220;tag:h6|text_align:center&#8220; use_theme_fonts=&#8220;yes&#8220;][stm_spacer height=&#8220;70px&#8220; height_tablet=&#8220;50px&#8220; height_mobile=&#8220;30px&#8220;][stm_spacer height=&#8220;20&#8243;][\/vc_column_inner][vc_column_inner width=&#8220;1\/4&#8243; shadow_x_offset=&#8220;0&#8243; shadow_y_offset=&#8220;0&#8243; shadow_blur=&#8220;0&#8243; shadow_spread=&#8220;0&#8243; offset=&#8220;vc_col-xs-6&#8243;][stm_icon icon_color=&#8220;ttc&#8220; icon_align=&#8220;center&#8220; height=&#8220;65&#8243; icon_styled_bg=&#8220;enable&#8220; icon=&#8220;stmicon-hotel-laundry&#8220;][vc_custom_heading text=&#8220;W\u00c4SCHEREI&#8220; font_container=&#8220;tag:h6|text_align:center&#8220; use_theme_fonts=&#8220;yes&#8220;][stm_spacer height=&#8220;20&#8243;][stm_spacer height=&#8220;70px&#8220; height_tablet=&#8220;50px&#8220; height_mobile=&#8220;30px&#8220;][\/vc_column_inner][vc_column_inner width=&#8220;1\/4&#8243; shadow_x_offset=&#8220;0&#8243; shadow_y_offset=&#8220;0&#8243; shadow_blur=&#8220;0&#8243; shadow_spread=&#8220;0&#8243; offset=&#8220;vc_col-xs-6&#8243;][stm_icon icon_color=&#8220;ttc&#8220; icon_align=&#8220;center&#8220; height=&#8220;66&#8243; icon_styled_bg=&#8220;enable&#8220; icon=&#8220;stmicon-hotel-restaurant&#8220;][vc_custom_heading text=&#8220;K\u00dcCHE&#8220; font_container=&#8220;tag:h6|text_align:center&#8220; use_theme_fonts=&#8220;yes&#8220;][stm_spacer height=&#8220;70px&#8220; height_tablet=&#8220;50px&#8220; height_mobile=&#8220;30px&#8220;][stm_spacer height=&#8220;20&#8243;][\/vc_column_inner][vc_column_inner width=&#8220;1\/4&#8243; shadow_x_offset=&#8220;0&#8243; shadow_y_offset=&#8220;0&#8243; shadow_blur=&#8220;0&#8243; shadow_spread=&#8220;0&#8243; offset=&#8220;vc_col-xs-6&#8243;][stm_icon icon_color=&#8220;ttc&#8220; icon_align=&#8220;center&#8220; height=&#8220;70&#8243; icon_styled_bg=&#8220;enable&#8220; icon=&#8220;stmicon-parking&#8220;][vc_custom_heading text=&#8220;PARKEN&#8220; font_container=&#8220;tag:h6|text_align:center&#8220; use_theme_fonts=&#8220;yes&#8220;][stm_spacer height=&#8220;70px&#8220; height_tablet=&#8220;50px&#8220; height_mobile=&#8220;30px&#8220;][stm_spacer height=&#8220;20&#8243;][\/vc_column_inner][\/vc_row_inner][vc_row_inner css=&#8220;.vc_custom_1538030529201{padding-bottom: 0px !important;}&#8220;][vc_column_inner width=&#8220;1\/4&#8243; shadow_x_offset=&#8220;0&#8243; shadow_y_offset=&#8220;0&#8243; shadow_blur=&#8220;0&#8243; shadow_spread=&#8220;0&#8243; shadow_color=&#8220;&#8220; offset=&#8220;vc_col-xs-6&#8243; css=&#8220;.vc_custom_1759334072084{margin-bottom: -40px !important;}&#8220;][stm_icon icon_color=&#8220;ttc&#8220; icon_align=&#8220;center&#8220; height=&#8220;80&#8243; icon_styled_bg=&#8220;enable&#8220; icon=&#8220;stmicon-pets&#8220;][vc_custom_heading text=&#8220;HAUSTIERE ERLAUBT&#8220; font_container=&#8220;tag:h6|text_align:center&#8220; use_theme_fonts=&#8220;yes&#8220;][stm_spacer height=&#8220;70px&#8220; height_tablet=&#8220;50px&#8220; height_mobile=&#8220;30px&#8220;][stm_spacer height=&#8220;20&#8243;][\/vc_column_inner][vc_column_inner width=&#8220;1\/4&#8243; shadow_x_offset=&#8220;0&#8243; shadow_y_offset=&#8220;0&#8243; shadow_blur=&#8220;0&#8243; shadow_spread=&#8220;0&#8243; offset=&#8220;vc_col-xs-6&#8243;][stm_icon icon_color=&#8220;ttc&#8220; icon_align=&#8220;center&#8220; height=&#8220;65&#8243; icon_styled_bg=&#8220;enable&#8220; icon=&#8220;stmicon-hotel_hotel&#8220;][vc_custom_heading text=&#8220;APOTHEKE&#8220; font_container=&#8220;tag:h6|text_align:center&#8220; use_theme_fonts=&#8220;yes&#8220;][stm_spacer height=&#8220;20&#8243;][stm_spacer height=&#8220;70px&#8220; height_tablet=&#8220;50px&#8220; height_mobile=&#8220;30px&#8220;][\/vc_column_inner][vc_column_inner width=&#8220;1\/4&#8243; shadow_x_offset=&#8220;0&#8243; shadow_y_offset=&#8220;0&#8243; shadow_blur=&#8220;0&#8243; shadow_spread=&#8220;0&#8243; offset=&#8220;vc_col-xs-6&#8243;][stm_icon icon_color=&#8220;ttc&#8220; icon_align=&#8220;center&#8220; height=&#8220;66&#8243; icon_styled_bg=&#8220;enable&#8220; icon=&#8220;stmicon-shopping&#8220;][vc_custom_heading text=&#8220;GESCH\u00c4FT&#8220; font_container=&#8220;tag:h6|text_align:center&#8220; use_theme_fonts=&#8220;yes&#8220;][stm_spacer height=&#8220;70px&#8220; height_tablet=&#8220;50px&#8220; height_mobile=&#8220;30px&#8220;][stm_spacer height=&#8220;20&#8243;][\/vc_column_inner][vc_column_inner width=&#8220;1\/4&#8243; shadow_x_offset=&#8220;0&#8243; shadow_y_offset=&#8220;0&#8243; shadow_blur=&#8220;0&#8243; shadow_spread=&#8220;0&#8243; offset=&#8220;vc_col-xs-6&#8243;][stm_icon icon_color=&#8220;ttc&#8220; icon_align=&#8220;center&#8220; height=&#8220;66&#8243; icon_styled_bg=&#8220;enable&#8220; icon=&#8220;stmicon-hotel-breakfast2&#8243;][vc_custom_heading text=&#8220;CAF\u00c9-BAR&#8220; font_container=&#8220;tag:h6|text_align:center&#8220; use_theme_fonts=&#8220;yes&#8220;][stm_spacer height=&#8220;70px&#8220; height_tablet=&#8220;50px&#8220; height_mobile=&#8220;30px&#8220;][stm_spacer height=&#8220;20&#8243;][\/vc_column_inner][\/vc_row_inner][\/vc_column][\/vc_row][vc_row shadow_x_offset=&#8220;0&#8243; shadow_y_offset=&#8220;0&#8243; shadow_blur=&#8220;0&#8243; shadow_spread=&#8220;0&#8243;][vc_column width=&#8220;2\/3&#8243;][vc_empty_space height=&#8220;64px&#8220;][vc_custom_heading text=&#8220;Nur wenige Schritte zur St. Jakobskirche&#8220; font_container=&#8220;tag:h2|text_align:center&#8220; use_theme_fonts=&#8220;yes&#8220; heading_icon=&#8220;stmicon-haircut&#8220; heading_icon_color=&#8220;ttc&#8220;][vc_column_text css=&#8220;.vc_custom_1759161220095{margin-bottom: 0px !important;}&#8220;]<\/p>\n<p style=\"text-align: center;\">Unser G\u00e4stehaus befindet sich in unmittelbarer N\u00e4he der St.-Jakobs-Kirche in Me\u0111ugorje. Sie erreichen die Kirche bequem zu Fu\u00df in nur 8 Minuten, genauer gesagt 500 m. Sehen Sie sich ein kurzes Video der Route von unserem G\u00e4stehaus zur Kirche an und \u00fcberzeugen Sie sich selbst von der perfekten Lage.<\/p>\n<p>[\/vc_column_text][vc_empty_space height=&#8220;64px&#8220;][vc_row_inner][vc_column_inner width=&#8220;1\/3&#8243;][stm_icon icon_color=&#8220;ttc&#8220; icon_align=&#8220;center&#8220; height=&#8220;80&#8243; icon_styled_bg=&#8220;enable&#8220; icon=&#8220;stmicon-hotel_building-1&#8243;][\/vc_column_inner][vc_column_inner width=&#8220;1\/3&#8243;][vc_custom_heading text=&#8220;Entfernung 500m&#8220; font_container=&#8220;tag:h5|text_align:center&#8220; use_theme_fonts=&#8220;yes&#8220;][\/vc_column_inner][vc_column_inner width=&#8220;1\/3&#8243;][stm_icon icon_color=&#8220;ttc&#8220; icon_align=&#8220;center&#8220; height=&#8220;80&#8243; icon_styled_bg=&#8220;enable&#8220; icon=&#8220;fas fa-church&#8220;][\/vc_column_inner][\/vc_row_inner][\/vc_column][vc_column width=&#8220;1\/3&#8243; shadow_x_offset=&#8220;0&#8243; shadow_y_offset=&#8220;0&#8243; shadow_blur=&#8220;0&#8243; shadow_spread=&#8220;0&#8243; shadow_color=&#8220;&#8220;][vc_row_inner css=&#8220;.vc_custom_1758638543198{margin-right: 0px !important;margin-left: 0px !important;background-position: center !important;background-repeat: no-repeat !important;background-size: cover !important;}&#8220;][vc_column_inner][vc_column_text]<\/p>\n<div style=\"padding: 176.67% 0 0 0; position: relative;\"><iframe style=\"position: absolute; top: 0; left: 0; width: 100%; height: 100%;\" title=\"whatsapp-video-2025-09-17-at-164003_nE3zSY4T\" src=\"https:\/\/player.vimeo.com\/video\/1121875369?badge=0&amp;autopause=0&amp;player_id=0&amp;app_id=58479\" frameborder=\"0\"><\/iframe><\/div>\n<p><script src=\"https:\/\/player.vimeo.com\/api\/player.js\"><\/script>[\/vc_column_text][vc_icon color=&#8220;white&#8220; css=&#8220;.vc_custom_1758807307353{margin-bottom: -50px !important;}&#8220;][\/vc_column_inner][\/vc_row_inner][\/vc_column][\/vc_row]<\/p>\n<\/div>","protected":false},"excerpt":{"rendered":"<p>[vc_row][vc_column][stm_spacer height=&#8220;40&#8243; height_tablet=&#8220;30&#8243; height_mobile=&#8220;20&#8243;][\/vc_column][\/vc_row][vc_row equal_height=&#8220;yes&#8220; content_placement=&#8220;middle&#8220; shadow_x_offset=&#8220;0&#8243; shadow_y_offset=&#8220;0&#8243; shadow_blur=&#8220;0&#8243; shadow_spread=&#8220;0&#8243;][vc_column width=&#8220;1\/3&#8243;][vc_custom_heading text=&#8220;Etwas \u00fcber uns&#8220; font_container=&#8220;tag:h2|font_size:40px|text_align:center|line_height:47px&#8220; use_theme_fonts=&#8220;yes&#8220;][\/vc_column][vc_column width=&#8220;2\/3&#8243;][vc_column_text]Willkommen im Begu\u0161i\u0107 G\u00e4stehaus \u2013 Ihr komfortabler und angenehmer Aufenthalt im Herzen von Me\u0111ugorje Nur 500 Meter von der St.-Jakobs-Kirche entfernt bietet unser G\u00e4stehaus den idealen Ausgangspunkt f\u00fcr alle, die die lokalen Sehensw\u00fcrdigkeiten erkunden und die ruhige Umgebung genie\u00dfen [&hellip;]<\/p>\n","protected":false},"author":2,"featured_media":0,"parent":0,"menu_order":0,"comment_status":"closed","ping_status":"closed","template":"","meta":{"_joinchat":[],"footnotes":""},"class_list":["post-2047","page","type-page","status-publish","hentry"],"aioseo_notices":[],"_links":{"self":[{"href":"https:\/\/pansionbegusic.com\/de\/wp-json\/wp\/v2\/pages\/2047","targetHints":{"allow":["GET"]}}],"collection":[{"href":"https:\/\/pansionbegusic.com\/de\/wp-json\/wp\/v2\/pages"}],"about":[{"href":"https:\/\/pansionbegusic.com\/de\/wp-json\/wp\/v2\/types\/page"}],"author":[{"embeddable":true,"href":"https:\/\/pansionbegusic.com\/de\/wp-json\/wp\/v2\/users\/2"}],"replies":[{"embeddable":true,"href":"https:\/\/pansionbegusic.com\/de\/wp-json\/wp\/v2\/comments?post=2047"}],"version-history":[{"count":4,"href":"https:\/\/pansionbegusic.com\/de\/wp-json\/wp\/v2\/pages\/2047\/revisions"}],"predecessor-version":[{"id":2152,"href":"https:\/\/pansionbegusic.com\/de\/wp-json\/wp\/v2\/pages\/2047\/revisions\/2152"}],"wp:attachment":[{"href":"https:\/\/pansionbegusic.com\/de\/wp-json\/wp\/v2\/media?parent=2047"}],"curies":[{"name":"wp","href":"https:\/\/api.w.org\/{rel}","templated":true}]}}