{"id":2090,"date":"2018-05-25T04:39:02","date_gmt":"2018-05-25T04:39:02","guid":{"rendered":"https:\/\/pansionbegusic.com\/pocetna\/"},"modified":"2025-10-01T17:48:48","modified_gmt":"2025-10-01T15:48:48","slug":"inicio","status":"publish","type":"page","link":"https:\/\/pansionbegusic.com\/es\/","title":{"rendered":"INICIO"},"content":{"rendered":"<div class=\"wpb-content-wrapper\"><p>[vc_row full_width=\u00bbstretch_row\u00bb shadow_x_offset=\u00bb0&#8243; shadow_y_offset=\u00bb0&#8243; shadow_blur=\u00bb0&#8243; shadow_spread=\u00bb0&#8243; shadow_color=\u00bb\u00bb el_class=\u00bboverlap\u00bb][vc_column shadow_x_offset=\u00bb0&#8243; shadow_y_offset=\u00bb0&#8243; shadow_blur=\u00bb0&#8243; shadow_spread=\u00bb0&#8243; offset=\u00bbvc_col-lg-offset-1 vc_col-lg-10 vc_col-md-offset-1 vc_col-md-10 vc_col-xs-12&#8243;][rev_slider_vc alias=\u00bbhome-1&#8243;][\/vc_column][\/vc_row][vc_section css=\u00bb.vc_custom_1538719318483{margin-top: -35px !important;background-image: url(https:\/\/pansionbegusic.com\/wp-content\/uploads\/2018\/10\/pat2.png?id=1308) !important;}\u00bb el_class=\u00bbfixed_bg\u00bb][vc_row full_width=\u00bbstretch_row\u00bb shadow_x_offset=\u00bb0&#8243; shadow_y_offset=\u00bb0&#8243; shadow_blur=\u00bb0&#8243; shadow_spread=\u00bb0&#8243; shadow_color=\u00bb\u00bb el_class=\u00bboverlap\u00bb css=\u00bb.vc_custom_1533026956511{margin-right: 0px !important;margin-left: 0px !important;padding-right: 15px !important;padding-left: 15px !important;}\u00bb][vc_column css_animation=\u00bbnone\u00bb shadow_x_offset=\u00bb\u00bb shadow_y_offset=\u00bb\u00bb shadow_blur=\u00bb\u00bb shadow_spread=\u00bb\u00bb shadow_color=\u00bb\u00bb offset=\u00bbvc_col-lg-offset-0 vc_col-lg-12 vc_col-md-offset-0 vc_col-md-12 vc_col-xs-12&#8243; css=\u00bb.vc_custom_1538048195465{margin-top: -101px !important;}\u00bb][\/vc_column][\/vc_row][vc_row][vc_column][stm_spacer height=\u00bb124&#8243; height_tablet=\u00bb100&#8243; height_mobile=\u00bb100&#8243;][vc_custom_heading text=\u00bbLo mejor para usted\u00bb font_container=\u00bbtag:h2|text_align:center\u00bb use_theme_fonts=\u00bbyes\u00bb heading_icon=\u00bbstmicon-haircut\u00bb heading_icon_color=\u00bbttc\u00bb][\/vc_column][\/vc_row][vc_row equal_height=\u00bbyes\u00bb shadow_x_offset=\u00bb0&#8243; shadow_y_offset=\u00bb0&#8243; shadow_blur=\u00bb0&#8243; shadow_spread=\u00bb0&#8243; shadow_color=\u00bb\u00bb css=\u00bb.vc_custom_1538027219361{padding-top: 27px !important;padding-right: 30px !important;padding-left: 30px !important;}\u00bb el_class=\u00bbsm_ml_0 sm_mr_0&#8243;][vc_column css_animation=\u00bbnone\u00bb width=\u00bb1\/2&#8243; shadow_x_offset=\u00bb0&#8243; shadow_y_offset=\u00bb0&#8243; shadow_blur=\u00bb0&#8243; shadow_spread=\u00bb0&#8243; shadow_color=\u00bb\u00bb css=\u00bb.vc_custom_1758546939631{background-image: url(https:\/\/pansionbegusic.com\/wp-content\/uploads\/2025\/09\/WhatsApp-Image-2025-09-17-at-16.40.33-5-1.jpg?id=1427) !important;background-position: center !important;background-repeat: no-repeat !important;background-size: cover !important;}\u00bb offset=\u00bbvc_col-lg-offset-0 vc_col-lg-6 vc_col-md-offset-0 vc_col-md-6 vc_col-xs-12&#8243; el_class=\u00bbstm_zoom_bg\u00bb][stm_spacer height=\u00bb0&#8243; height_tablet=\u00bb0&#8243; height_mobile=\u00bb350&#8243;][\/vc_column][vc_column css_animation=\u00bbnone\u00bb width=\u00bb1\/2&#8243; shadow_x_offset=\u00bb0&#8243; shadow_y_offset=\u00bb0&#8243; shadow_blur=\u00bb0&#8243; shadow_spread=\u00bb0&#8243; shadow_color=\u00bb\u00bb css=\u00bb.vc_custom_1538027326972{padding-top: 0px !important;background-color: #ffffff !important;}\u00bb offset=\u00bbvc_col-lg-6 vc_col-md-6 vc_col-xs-12&#8243;][vc_row_inner][vc_column_inner shadow_x_offset=\u00bb0&#8243; shadow_y_offset=\u00bb0&#8243; shadow_blur=\u00bb0&#8243; shadow_spread=\u00bb0&#8243; shadow_color=\u00bb\u00bb offset=\u00bbvc_col-lg-offset-0 vc_col-lg-12 vc_col-md-offset-0 vc_col-md-12 vc_col-xs-12&#8243; css=\u00bb.vc_custom_1538027472213{padding-top: 0px !important;}\u00bb][stm_spacer height=\u00bb73&#8243; height_mobile=\u00bb50&#8243; height_tablet_landscape=\u00bb0&#8243; height_tablet=\u00bb60&#8243;][vc_custom_heading text=\u00bbHABITACIONES Y APARTAMENTOS\u00bb font_container=\u00bbtag:h4|text_align:center\u00bb use_theme_fonts=\u00bbyes\u00bb css=\u00bb.vc_custom_1759239864275{margin-bottom: 30px !important;}\u00bb][vc_column_text css=\u00bb.vc_custom_1759239883660{margin-bottom: 44px !important;padding-right: 45px !important;padding-left: 45px !important;}\u00bb el_class=\u00bbsm_pl_15 sm_pr_15&#8243;]<\/p>\n<p style=\"text-align: center;\">Nuestras habitaciones irradian calidez y armon\u00eda, creando un ambiente agradable para cada hu\u00e9sped. La amplitud y las camas c\u00f3modas garantizan un sue\u00f1o tranquilo y un descanso completo.<\/p>\n<p>[\/vc_column_text][stm_button button_style=\u00bboutline\u00bb button_size=\u00bblg\u00bb button_pos=\u00bbcenter\u00bb button_icon_pos=\u00bbleft\u00bb button_icon=\u00bbstmicon-arrow_forward\u00bb button_icon_class=\u00bbcustom\u00bb button_icon_color=\u00bb#ffac41&#8243; button_icon_color_hover=\u00bb#ffffff\u00bb button_icon_size=\u00bb20&#8243; link=\u00bburl:%2Fes%2Fsobre-nosotros%2F\u00bb][stm_spacer height=\u00bb60&#8243; height_mobile=\u00bb40&#8243; height_tablet_landscape=\u00bb0&#8243; height_tablet=\u00bb50&#8243;][\/vc_column_inner][\/vc_row_inner][\/vc_column][\/vc_row][vc_row][vc_column][stm_spacer height=\u00bb0&#8243; height_tablet=\u00bb0&#8243; height_mobile=\u00bb50&#8243;][\/vc_column][\/vc_row][vc_row equal_height=\u00bbyes\u00bb shadow_x_offset=\u00bb0&#8243; shadow_y_offset=\u00bb0&#8243; shadow_blur=\u00bb0&#8243; shadow_spread=\u00bb0&#8243; shadow_color=\u00bb\u00bb css=\u00bb.vc_custom_1538027425183{padding-right: 30px !important;padding-left: 30px !important;}\u00bb el_class=\u00bbsm_ml_0 sm_mr_0&#8243;][vc_column css_animation=\u00bbnone\u00bb width=\u00bb1\/2&#8243; shadow_x_offset=\u00bb0&#8243; shadow_y_offset=\u00bb0&#8243; shadow_blur=\u00bb0&#8243; shadow_spread=\u00bb0&#8243; shadow_color=\u00bb\u00bb css=\u00bb.vc_custom_1538027370250{padding-top: 0px !important;background-color: #ffffff !important;}\u00bb offset=\u00bbvc_col-lg-offset-0 vc_col-lg-6 vc_col-md-offset-0 vc_col-md-6 vc_col-xs-12&#8243;][vc_row_inner][vc_column_inner shadow_x_offset=\u00bb0&#8243; shadow_y_offset=\u00bb0&#8243; shadow_blur=\u00bb0&#8243; shadow_spread=\u00bb0&#8243; shadow_color=\u00bb\u00bb offset=\u00bbvc_col-lg-offset-0 vc_col-lg-12 vc_col-md-offset-0 vc_col-md-12 vc_col-xs-12&#8243; css=\u00bb.vc_custom_1538027485079{padding-top: 0px !important;}\u00bb][stm_spacer height=\u00bb73&#8243; height_mobile=\u00bb50&#8243; height_tablet_landscape=\u00bb0&#8243; height_tablet=\u00bb60&#8243;][vc_custom_heading text=\u00bbMEDJUGORJE\u00bb font_container=\u00bbtag:h4|text_align:center\u00bb use_theme_fonts=\u00bbyes\u00bb css=\u00bb.vc_custom_1759239922833{margin-bottom: 30px !important;}\u00bb][vc_column_text css=\u00bb.vc_custom_1759239943257{margin-bottom: 44px !important;padding-right: 45px !important;padding-left: 45px !important;}\u00bb el_class=\u00bbsm_pl_15 sm_pr_15&#8243;]<\/p>\n<p style=\"text-align: center;\">Medjugorje es un lugar de peregrinaci\u00f3n de fama mundial en Herzegovina, reconocido por la fe, la oraci\u00f3n y la paz espiritual.<\/p>\n<p>[\/vc_column_text][stm_spacer height=\u00bb60&#8243; height_mobile=\u00bb40&#8243; height_tablet_landscape=\u00bb0&#8243; height_tablet=\u00bb50&#8243;][\/vc_column_inner][\/vc_row_inner][\/vc_column][vc_column css_animation=\u00bbnone\u00bb width=\u00bb1\/2&#8243; shadow_x_offset=\u00bb0&#8243; shadow_y_offset=\u00bb0&#8243; shadow_blur=\u00bb0&#8243; shadow_spread=\u00bb0&#8243; shadow_color=\u00bb\u00bb css=\u00bb.vc_custom_1758546402311{background-image: url(https:\/\/pansionbegusic.com\/wp-content\/uploads\/2025\/09\/Medjugorje.jpg?id=1425) !important;background-position: center !important;background-repeat: no-repeat !important;background-size: cover !important;}\u00bb offset=\u00bbvc_col-lg-offset-0 vc_col-lg-6 vc_col-md-offset-0 vc_col-md-6 vc_col-xs-12&#8243; el_class=\u00bbstm_zoom_bg\u00bb][stm_spacer height=\u00bb0&#8243; height_tablet=\u00bb0&#8243; height_mobile=\u00bb350&#8243;][\/vc_column][\/vc_row][vc_row][vc_column][stm_spacer height=\u00bb0&#8243; height_tablet=\u00bb0&#8243; height_mobile=\u00bb50&#8243;][\/vc_column][\/vc_row][vc_row equal_height=\u00bbyes\u00bb shadow_x_offset=\u00bb0&#8243; shadow_y_offset=\u00bb0&#8243; shadow_blur=\u00bb0&#8243; shadow_spread=\u00bb0&#8243; shadow_color=\u00bb\u00bb css=\u00bb.vc_custom_1538027432371{padding-right: 30px !important;padding-left: 30px !important;}\u00bb el_class=\u00bbsm_ml_0 sm_mr_0&#8243;][vc_column css_animation=\u00bbnone\u00bb width=\u00bb1\/2&#8243; shadow_x_offset=\u00bb0&#8243; shadow_y_offset=\u00bb0&#8243; shadow_blur=\u00bb0&#8243; shadow_spread=\u00bb0&#8243; shadow_color=\u00bb\u00bb css=\u00bb.vc_custom_1758546182037{background-image: url(https:\/\/pansionbegusic.com\/wp-content\/uploads\/2025\/09\/Brdo-ukazanja.jpg?id=1424) !important;background-position: center !important;background-repeat: no-repeat !important;background-size: cover !important;}\u00bb offset=\u00bbvc_col-lg-offset-0 vc_col-lg-6 vc_col-md-offset-0 vc_col-md-6 vc_col-xs-12&#8243; el_class=\u00bbstm_zoom_bg\u00bb][stm_spacer height=\u00bb0&#8243; height_tablet=\u00bb0&#8243; height_mobile=\u00bb350&#8243;][\/vc_column][vc_column css_animation=\u00bbnone\u00bb width=\u00bb1\/2&#8243; shadow_x_offset=\u00bb0&#8243; shadow_y_offset=\u00bb0&#8243; shadow_blur=\u00bb0&#8243; shadow_spread=\u00bb0&#8243; shadow_color=\u00bb\u00bb css=\u00bb.vc_custom_1538027392124{padding-top: 0px !important;background-color: #ffffff !important;}\u00bb offset=\u00bbvc_col-lg-6 vc_col-md-6 vc_col-xs-12&#8243;][vc_row_inner][vc_column_inner shadow_x_offset=\u00bb0&#8243; shadow_y_offset=\u00bb0&#8243; shadow_blur=\u00bb0&#8243; shadow_spread=\u00bb0&#8243; shadow_color=\u00bb\u00bb offset=\u00bbvc_col-lg-offset-0 vc_col-lg-12 vc_col-md-offset-0 vc_col-md-12 vc_col-xs-12&#8243; css=\u00bb.vc_custom_1538027496996{padding-top: 0px !important;}\u00bb][stm_spacer height=\u00bb73&#8243; height_mobile=\u00bb50&#8243; height_tablet_landscape=\u00bb0&#8243; height_tablet=\u00bb60&#8243;][vc_custom_heading text=\u00bbCOLINA DE LAS APARICIONES\u00bb font_container=\u00bbtag:h4|text_align:center\u00bb use_theme_fonts=\u00bbyes\u00bb css=\u00bb.vc_custom_1759239960799{margin-bottom: 30px !important;}\u00bb][vc_column_text css=\u00bb.vc_custom_1759239985042{margin-bottom: 44px !important;padding-right: 45px !important;padding-left: 45px !important;}\u00bb el_class=\u00bbsm_pl_15 sm_pr_15&#8243;]<\/p>\n<p style=\"text-align: center;\">La Colina de las Apariciones es un lugar donde la oraci\u00f3n y el silencio se funden en una profunda experiencia de fe, y los peregrinos encuentran paz, esperanza y fuerza para su camino de vida.<\/p>\n<p>[\/vc_column_text][stm_spacer height=\u00bb60&#8243; height_mobile=\u00bb40&#8243; height_tablet_landscape=\u00bb0&#8243; height_tablet=\u00bb50&#8243;][\/vc_column_inner][\/vc_row_inner][\/vc_column][\/vc_row][vc_row][vc_column][stm_spacer height=\u00bb90&#8243; height_tablet=\u00bb70&#8243; height_mobile=\u00bb50&#8243;][\/vc_column][\/vc_row][\/vc_section][vc_section css=\u00bb.vc_custom_1537869517070{padding-top: 0px !important;}\u00bb][vc_row full_width=\u00bbstretch_row\u00bb shadow_x_offset=\u00bb0&#8243; shadow_y_offset=\u00bb0&#8243; shadow_blur=\u00bb0&#8243; shadow_spread=\u00bb0&#8243; shadow_color=\u00bb\u00bb css=\u00bb.vc_custom_1537940056087{background-position: 0 0 !important;background-repeat: repeat !important;}\u00bb][vc_column width=\u00bb1\/4&#8243; shadow_x_offset=\u00bb0&#8243; shadow_y_offset=\u00bb0&#8243; shadow_blur=\u00bb0&#8243; shadow_spread=\u00bb0&#8243; shadow_color=\u00bb\u00bb][\/vc_column][vc_column width=\u00bb1\/2&#8243;][stm_spacer height=\u00bb123&#8243; height_tablet=\u00bb100&#8243; height_mobile=\u00bb100&#8243;][vc_custom_heading text=\u00bbPor qu\u00e9 elegirnos\u00bb font_container=\u00bbtag:h2|text_align:center\u00bb use_theme_fonts=\u00bbyes\u00bb heading_icon=\u00bbstmicon-haircut\u00bb heading_icon_color=\u00bbttc\u00bb][vc_column_text css=\u00bb.vc_custom_1759240021520{margin-bottom: 0px !important;}\u00bb]<\/p>\n<p style=\"text-align: center;\">Estas son solo algunas de las comodidades que ofrece nuestro hostal, as\u00ed como la ubicaci\u00f3n de la propia propiedad.<\/p>\n<p>[\/vc_column_text][\/vc_column][vc_column width=\u00bb1\/4&#8243;][\/vc_column][\/vc_row][vc_row full_width=\u00bbstretch_row\u00bb shadow_x_offset=\u00bb0&#8243; shadow_y_offset=\u00bb0&#8243; shadow_blur=\u00bb0&#8243; shadow_spread=\u00bb0&#8243; shadow_color=\u00bb\u00bb css=\u00bb.vc_custom_1538030696169{padding-top: 50px !important;padding-bottom: 50px !important;}\u00bb][vc_column][vc_row_inner css=\u00bb.vc_custom_1538030529201{padding-bottom: 0px !important;}\u00bb][vc_column_inner width=\u00bb1\/4&#8243; shadow_x_offset=\u00bb0&#8243; shadow_y_offset=\u00bb0&#8243; shadow_blur=\u00bb0&#8243; shadow_spread=\u00bb0&#8243; offset=\u00bbvc_col-xs-6&#8243;][stm_icon icon_color=\u00bbttc\u00bb icon_align=\u00bbcenter\u00bb height=\u00bb80&#8243; icon_styled_bg=\u00bbenable\u00bb icon=\u00bbstmicon-hotel-internet\u00bb][vc_custom_heading text=\u00bbWi-Fi GRATIS\u00bb font_container=\u00bbtag:h6|text_align:center\u00bb use_theme_fonts=\u00bbyes\u00bb][stm_spacer height=\u00bb20&#8243;][\/vc_column_inner][vc_column_inner width=\u00bb1\/4&#8243; shadow_x_offset=\u00bb0&#8243; shadow_y_offset=\u00bb0&#8243; shadow_blur=\u00bb0&#8243; shadow_spread=\u00bb0&#8243; offset=\u00bbvc_col-xs-6&#8243;][stm_icon icon_color=\u00bbttc\u00bb icon_align=\u00bbcenter\u00bb height=\u00bb65&#8243; icon_styled_bg=\u00bbenable\u00bb icon=\u00bbstmicon-hotel-laundry\u00bb][vc_custom_heading text=\u00bbLAVADERO\u00bb font_container=\u00bbtag:h6|text_align:center\u00bb use_theme_fonts=\u00bbyes\u00bb][stm_spacer height=\u00bb20&#8243;][\/vc_column_inner][vc_column_inner width=\u00bb1\/4&#8243; shadow_x_offset=\u00bb0&#8243; shadow_y_offset=\u00bb0&#8243; shadow_blur=\u00bb0&#8243; shadow_spread=\u00bb0&#8243; offset=\u00bbvc_col-xs-6&#8243;][stm_icon icon_color=\u00bbttc\u00bb icon_align=\u00bbcenter\u00bb height=\u00bb66&#8243; icon_styled_bg=\u00bbenable\u00bb icon=\u00bbstmicon-hotel-restaurant\u00bb][vc_custom_heading text=\u00bbCOCINA\u00bb font_container=\u00bbtag:h6|text_align:center\u00bb use_theme_fonts=\u00bbyes\u00bb][stm_spacer height=\u00bb20&#8243;][\/vc_column_inner][vc_column_inner width=\u00bb1\/4&#8243; shadow_x_offset=\u00bb0&#8243; shadow_y_offset=\u00bb0&#8243; shadow_blur=\u00bb0&#8243; shadow_spread=\u00bb0&#8243; offset=\u00bbvc_col-xs-6&#8243;][stm_icon icon_color=\u00bbttc\u00bb icon_align=\u00bbcenter\u00bb height=\u00bb70&#8243; icon_styled_bg=\u00bbenable\u00bb icon=\u00bbstmicon-parking\u00bb][vc_custom_heading text=\u00bbAPARCAMIENTO\u00bb font_container=\u00bbtag:h6|text_align:center\u00bb use_theme_fonts=\u00bbyes\u00bb][stm_spacer height=\u00bb20&#8243;][\/vc_column_inner][\/vc_row_inner][vc_row_inner css=\u00bb.vc_custom_1538030529201{padding-bottom: 0px !important;}\u00bb][vc_column_inner width=\u00bb1\/4&#8243; shadow_x_offset=\u00bb0&#8243; shadow_y_offset=\u00bb0&#8243; shadow_blur=\u00bb0&#8243; shadow_spread=\u00bb0&#8243; shadow_color=\u00bb\u00bb offset=\u00bbvc_col-xs-6&#8243; css=\u00bb.vc_custom_1759333686214{margin-bottom: -40px !important;}\u00bb][stm_icon icon_color=\u00bbttc\u00bb icon_align=\u00bbcenter\u00bb height=\u00bb80&#8243; icon_styled_bg=\u00bbenable\u00bb icon=\u00bbstmicon-pets\u00bb][vc_custom_heading text=\u00bbSE ADMITEN MASCOTAS\u00bb font_container=\u00bbtag:h6|text_align:center\u00bb use_theme_fonts=\u00bbyes\u00bb][stm_spacer height=\u00bb20px\u00bb][\/vc_column_inner][vc_column_inner width=\u00bb1\/4&#8243; shadow_x_offset=\u00bb0&#8243; shadow_y_offset=\u00bb0&#8243; shadow_blur=\u00bb0&#8243; shadow_spread=\u00bb0&#8243; offset=\u00bbvc_col-xs-6&#8243;][stm_icon icon_color=\u00bbttc\u00bb icon_align=\u00bbcenter\u00bb height=\u00bb65&#8243; icon_styled_bg=\u00bbenable\u00bb icon=\u00bbstmicon-hotel_hotel\u00bb][vc_custom_heading text=\u00bbFARMACIA\u00bb font_container=\u00bbtag:h6|text_align:center\u00bb use_theme_fonts=\u00bbyes\u00bb][stm_spacer height=\u00bb20&#8243;][\/vc_column_inner][vc_column_inner width=\u00bb1\/4&#8243; shadow_x_offset=\u00bb0&#8243; shadow_y_offset=\u00bb0&#8243; shadow_blur=\u00bb0&#8243; shadow_spread=\u00bb0&#8243; offset=\u00bbvc_col-xs-6&#8243;][stm_icon icon_color=\u00bbttc\u00bb icon_align=\u00bbcenter\u00bb height=\u00bb66&#8243; icon_styled_bg=\u00bbenable\u00bb icon=\u00bbstmicon-shopping\u00bb][vc_custom_heading text=\u00bbCOMERCIO\u00bb font_container=\u00bbtag:h6|text_align:center\u00bb use_theme_fonts=\u00bbyes\u00bb][stm_spacer height=\u00bb20&#8243;][\/vc_column_inner][vc_column_inner width=\u00bb1\/4&#8243; shadow_x_offset=\u00bb0&#8243; shadow_y_offset=\u00bb0&#8243; shadow_blur=\u00bb0&#8243; shadow_spread=\u00bb0&#8243; offset=\u00bbvc_col-xs-6&#8243;][stm_icon icon_color=\u00bbttc\u00bb icon_align=\u00bbcenter\u00bb height=\u00bb66&#8243; icon_styled_bg=\u00bbenable\u00bb icon=\u00bbstmicon-hotel-breakfast2&#8243;][vc_custom_heading text=\u00bbBARRA CAF\u00c9\u00bb font_container=\u00bbtag:h6|text_align:center\u00bb use_theme_fonts=\u00bbyes\u00bb][stm_spacer height=\u00bb20&#8243;][\/vc_column_inner][\/vc_row_inner][\/vc_column][\/vc_row][\/vc_section][vc_section full_width=\u00bbstretch_row\u00bb css=\u00bb.vc_custom_1537940429032{padding-top: 0px !important;background-color: #3a3138 !important;}\u00bb][vc_row full_width=\u00bbstretch_row\u00bb shadow_x_offset=\u00bb0&#8243; shadow_y_offset=\u00bb0&#8243; shadow_blur=\u00bb0&#8243; shadow_spread=\u00bb0&#8243; shadow_color=\u00bb\u00bb css=\u00bb.vc_custom_1537940056087{background-position: 0 0 !important;background-repeat: repeat !important;}\u00bb][vc_column width=\u00bb1\/4&#8243; shadow_x_offset=\u00bb0&#8243; shadow_y_offset=\u00bb0&#8243; shadow_blur=\u00bb0&#8243; shadow_spread=\u00bb0&#8243; shadow_color=\u00bb\u00bb][\/vc_column][vc_column width=\u00bb1\/2&#8243;][stm_spacer height=\u00bb118&#8243; height_tablet=\u00bb100&#8243; height_mobile=\u00bb100&#8243;][vc_custom_heading text=\u00bbGaler\u00eda\u00bb font_container=\u00bbtag:h2|text_align:center|color:%23ffffff\u00bb use_theme_fonts=\u00bbyes\u00bb heading_icon=\u00bbstmicon-haircut\u00bb heading_icon_color=\u00bbmtc\u00bb css=\u00bb.vc_custom_1759240154986{margin-bottom: 45px !important;}\u00bb][\/vc_column][vc_column width=\u00bb1\/4&#8243;][\/vc_column][\/vc_row][vc_row][vc_column][stm_carousel_gallery images_effect=\u00bb0&#8243; lightgallery=\u00bbdisable\u00bb images_margin=\u00bb30&#8243; autoscroll=\u00bbdisable\u00bb thumbnails=\u00bbdisable\u00bb visibility=\u00bbenable\u00bb description=\u00bbdisable\u00bb images=\u00bb1488,1487,1485,1474,1489,1486&#8243; image_size=\u00bb1170&#215;660&#8243;][\/vc_column][\/vc_row][\/vc_section]<\/p>\n<\/div>","protected":false},"excerpt":{"rendered":"<p>[vc_row full_width=\u00bbstretch_row\u00bb shadow_x_offset=\u00bb0&#8243; shadow_y_offset=\u00bb0&#8243; shadow_blur=\u00bb0&#8243; shadow_spread=\u00bb0&#8243; shadow_color=\u00bb\u00bb el_class=\u00bboverlap\u00bb][vc_column shadow_x_offset=\u00bb0&#8243; shadow_y_offset=\u00bb0&#8243; shadow_blur=\u00bb0&#8243; shadow_spread=\u00bb0&#8243; offset=\u00bbvc_col-lg-offset-1 vc_col-lg-10 vc_col-md-offset-1 vc_col-md-10 vc_col-xs-12&#8243;][rev_slider_vc alias=\u00bbhome-1&#8243;][\/vc_column][\/vc_row][vc_section css=\u00bb.vc_custom_1538719318483{margin-top: -35px !important;background-image: url(https:\/\/pansionbegusic.com\/wp-content\/uploads\/2018\/10\/pat2.png?id=1308) !important;}\u00bb el_class=\u00bbfixed_bg\u00bb][vc_row full_width=\u00bbstretch_row\u00bb shadow_x_offset=\u00bb0&#8243; shadow_y_offset=\u00bb0&#8243; shadow_blur=\u00bb0&#8243; shadow_spread=\u00bb0&#8243; shadow_color=\u00bb\u00bb el_class=\u00bboverlap\u00bb css=\u00bb.vc_custom_1533026956511{margin-right: 0px !important;margin-left: 0px !important;padding-right: 15px !important;padding-left: 15px !important;}\u00bb][vc_column css_animation=\u00bbnone\u00bb shadow_x_offset=\u00bb\u00bb shadow_y_offset=\u00bb\u00bb shadow_blur=\u00bb\u00bb shadow_spread=\u00bb\u00bb shadow_color=\u00bb\u00bb offset=\u00bbvc_col-lg-offset-0 vc_col-lg-12 vc_col-md-offset-0 vc_col-md-12 vc_col-xs-12&#8243; css=\u00bb.vc_custom_1538048195465{margin-top: -101px !important;}\u00bb][\/vc_column][\/vc_row][vc_row][vc_column][stm_spacer height=\u00bb124&#8243; [&hellip;]<\/p>\n","protected":false},"author":2,"featured_media":0,"parent":0,"menu_order":0,"comment_status":"closed","ping_status":"closed","template":"","meta":{"_joinchat":[],"footnotes":""},"class_list":["post-2090","page","type-page","status-publish","hentry"],"aioseo_notices":[],"_links":{"self":[{"href":"https:\/\/pansionbegusic.com\/es\/wp-json\/wp\/v2\/pages\/2090","targetHints":{"allow":["GET"]}}],"collection":[{"href":"https:\/\/pansionbegusic.com\/es\/wp-json\/wp\/v2\/pages"}],"about":[{"href":"https:\/\/pansionbegusic.com\/es\/wp-json\/wp\/v2\/types\/page"}],"author":[{"embeddable":true,"href":"https:\/\/pansionbegusic.com\/es\/wp-json\/wp\/v2\/users\/2"}],"replies":[{"embeddable":true,"href":"https:\/\/pansionbegusic.com\/es\/wp-json\/wp\/v2\/comments?post=2090"}],"version-history":[{"count":10,"href":"https:\/\/pansionbegusic.com\/es\/wp-json\/wp\/v2\/pages\/2090\/revisions"}],"predecessor-version":[{"id":2147,"href":"https:\/\/pansionbegusic.com\/es\/wp-json\/wp\/v2\/pages\/2090\/revisions\/2147"}],"wp:attachment":[{"href":"https:\/\/pansionbegusic.com\/es\/wp-json\/wp\/v2\/media?parent=2090"}],"curies":[{"name":"wp","href":"https:\/\/api.w.org\/{rel}","templated":true}]}}