{"id":2100,"date":"2018-06-05T04:15:54","date_gmt":"2018-06-05T04:15:54","guid":{"rendered":"https:\/\/pansionbegusic.com\/kontakt\/"},"modified":"2025-10-01T17:13:36","modified_gmt":"2025-10-01T15:13:36","slug":"contacto","status":"publish","type":"page","link":"https:\/\/pansionbegusic.com\/es\/contacto\/","title":{"rendered":"CONTACTO"},"content":{"rendered":"<div class=\"wpb-content-wrapper\"><p>[vc_section css=\u00bb.vc_custom_1537953987339{padding-top: 0px !important;}\u00bb][vc_row shadow_x_offset=\u00bb0&#8243; shadow_y_offset=\u00bb0&#8243; shadow_blur=\u00bb0&#8243; shadow_spread=\u00bb0&#8243; shadow_color=\u00bb\u00bb css=\u00bb.vc_custom_1531906799465{padding-top: 20px !important;}\u00bb][vc_column width=\u00bb1\/2&#8243; shadow_x_offset=\u00bb0&#8243; shadow_y_offset=\u00bb0&#8243; shadow_blur=\u00bb0&#8243; shadow_spread=\u00bb0&#8243; offset=\u00bbvc_col-lg-8 vc_col-md-8 vc_col-xs-12&#8243;][vc_custom_heading text=\u00bbCONT\u00c1CTANOS\u00bb font_container=\u00bbtag:h4|text_align:left\u00bb use_theme_fonts=\u00bbyes\u00bb][vc_column_text]\u00a1Su satisfacci\u00f3n es nuestra prioridad! Si tiene alguna pregunta, sugerencia o necesita informaci\u00f3n adicional, no dude en contactarnos. Estamos aqu\u00ed para ayudarle.[\/vc_column_text][\/vc_column][vc_column width=\u00bb1\/2&#8243; shadow_x_offset=\u00bb0&#8243; shadow_y_offset=\u00bb0&#8243; shadow_blur=\u00bb0&#8243; shadow_spread=\u00bb0&#8243; offset=\u00bbvc_col-lg-4 vc_col-md-4 vc_col-xs-12&#8243;][\/vc_column][\/vc_row][vc_row full_width=\u00bbstretch_row\u00bb equal_height=\u00bbyes\u00bb content_placement=\u00bbmiddle\u00bb shadow_x_offset=\u00bb0&#8243; shadow_y_offset=\u00bb0&#8243; shadow_blur=\u00bb0&#8243; shadow_spread=\u00bb0&#8243; shadow_color=\u00bb\u00bb css=\u00bb.vc_custom_1538134741352{margin-top: 40px !important;margin-bottom: 40px !important;background-color: #f3eee5 !important;}\u00bb][vc_column width=\u00bb1\/2&#8243; shadow_x_offset=\u00bb0&#8243; shadow_y_offset=\u00bb0&#8243; shadow_blur=\u00bb0&#8243; shadow_spread=\u00bb0&#8243; shadow_color=\u00bb\u00bb css=\u00bb.vc_custom_1538133673472{padding-top: 0px !important;padding-right: 50px !important;padding-bottom: 0px !important;}\u00bb offset=\u00bbvc_col-lg-4 vc_col-md-4 vc_col-xs-12&#8243;][stm_spacer height=\u00bb30&#8243; height_tablet=\u00bb30&#8243; height_mobile=\u00bb30&#8243;][vc_column_text]<\/p>\n<h3 style=\"font-size: 48px; line-height: 45px;\">Contacto<\/h3>\n<p>[\/vc_column_text][stm_spacer height=\u00bb43&#8243; height_tablet=\u00bb10&#8243; height_mobile=\u00bb10&#8243;][stm_icon_box title_tag=\u00bbH6&#8243; title_custom_color=\u00bbrgba(34,34,34,0.6)\u00bb icon=\u00bbstmicon-phone-call\u00bb icon_class=\u00bbcustom\u00bb icon_color=\u00bb#3a3138&#8243; icon_size=\u00bb45&#8243; icon_height=\u00bb60&#8243; icon_width=\u00bb65&#8243; title=\u00bbTel\u00e9fono m\u00f3vil\u00bb title_fsz=\u00bb16px\u00bb]<\/p>\n<h3 style=\"font-size: 22px;\"><a href=\"tel:+38763831686\">+387 63 831 686<\/a><\/h3>\n<p>[\/stm_icon_box][stm_spacer height=\u00bb21&#8243; height_tablet=\u00bb20&#8243; height_mobile=\u00bb20&#8243;][stm_icon_box title_tag=\u00bbH6&#8243; title_custom_color=\u00bbrgba(34,34,34,0.6)\u00bb icon=\u00bbstmicon-drafts\u00bb icon_class=\u00bbcustom\u00bb icon_color=\u00bb#3a3138&#8243; icon_size=\u00bb42&#8243; icon_height=\u00bb60&#8243; icon_width=\u00bb65&#8243; title=\u00bbCorreo electr\u00f3nico\u00bb title_fsz=\u00bb16px\u00bb]<\/p>\n<h3 style=\"font-size: 22px;\"><a href=\"mailto:info@telemach.co.ba\">info@telemach.co.ba<\/a><\/h3>\n<h3 style=\"font-size: 22px;\"><a href=\"mailto:silvia.ostojic@gmail.com\">silvia.ostojic@gmail.com<\/a><\/h3>\n<p>[\/stm_icon_box][stm_spacer height=\u00bb26&#8243; height_tablet=\u00bb25&#8243; height_mobile=\u00bb20&#8243;][stm_icon_box title_tag=\u00bbH6&#8243; title_custom_color=\u00bbrgba(34,34,34,0.6)\u00bb icon=\u00bbstmicon-maps-and-flags\u00bb icon_class=\u00bbcustom\u00bb icon_color=\u00bb#3a3138&#8243; icon_size=\u00bb46&#8243; icon_height=\u00bb60&#8243; icon_width=\u00bb65&#8243; title=\u00bbDIRECCI\u00d3N\u00bb title_fsz=\u00bb16px\u00bb]<\/p>\n<h3 style=\"font-size: 20px;\">Kralja Tomislava br.6 Bijakovici, 88266 Me\u0111ugorje<\/h3>\n<p>[\/stm_icon_box][stm_spacer height=\u00bb26&#8243; height_tablet=\u00bb25&#8243; height_mobile=\u00bb20&#8243;][\/vc_column][vc_column stretch=\u00bbright\u00bb width=\u00bb1\/2&#8243; shadow_x_offset=\u00bb0&#8243; shadow_y_offset=\u00bb0&#8243; shadow_blur=\u00bb0&#8243; shadow_spread=\u00bb0&#8243; shadow_color=\u00bb\u00bb offset=\u00bbvc_col-lg-8 vc_col-md-8 vc_col-xs-12&#8243; css=\u00bb.vc_custom_1538133669144{padding-top: 0px !important;padding-bottom: 0px !important;}\u00bb][stm_spacer height=\u00bb78&#8243; height_tablet=\u00bb40&#8243; height_mobile=\u00bb20&#8243;][vc_gmaps link=\u00bb#E-8_JTNDaWZyYW1lJTIwc3JjJTNEJTIyaHR0cHMlM0ElMkYlMkZ3d3cuZ29vZ2xlLmNvbSUyRm1hcHMlMkZlbWJlZCUzRnBiJTNEJTIxMW0xOCUyMTFtMTIlMjExbTMlMjExZDI5MDguODQxNTI4NDY4ODE2JTIxMmQxNy42ODE1NzExMTE3NTk0OTYlMjEzZDQzLjE5MTgzNTg4MjAyNzgzJTIxMm0zJTIxMWYwJTIxMmYwJTIxM2YwJTIxM20yJTIxMWkxMDI0JTIxMmk3NjglMjE0ZjEzLjElMjEzbTMlMjExbTIlMjExczB4MTM0YjZkMDA0ZWI3NWY0MyUyNTNBMHhjZTA0NDFiZWNmYzA4ZmNhJTIxMnpVR0Z1YzJsdmJpQkNaV2QxeGFGcHhJYyUyMTVlMCUyMTNtMiUyMTFzaHIlMjEyc2JhJTIxNHYxNzU4NzI4MTEyNzkxJTIxNW0yJTIxMXNociUyMTJzYmElMjIlMjB3aWR0aCUzRCUyMjYwMCUyMiUyMGhlaWdodCUzRCUyMjQ1MCUyMiUyMGZyYW1lYm9yZGVyJTNEJTIyMCUyMiUyMHN0eWxlJTNEJTIyYm9yZGVyJTNBMCUyMiUyMGFsbG93ZnVsbHNjcmVlbiUzRSUzQyUyRmlmcmFtZSUzRQ==\u00bb][stm_spacer height=\u00bb40&#8243; height_tablet=\u00bb20&#8243; height_mobile=\u00bb10&#8243;][\/vc_column][\/vc_row][\/vc_section][vc_row shadow_x_offset=\u00bb0&#8243; shadow_y_offset=\u00bb0&#8243; shadow_blur=\u00bb0&#8243; shadow_spread=\u00bb0&#8243; shadow_color=\u00bb\u00bb css=\u00bb.vc_custom_1531906799465{padding-top: 20px !important;}\u00bb][vc_column width=\u00bb1\/5&#8243; shadow_x_offset=\u00bb0&#8243; shadow_y_offset=\u00bb0&#8243; shadow_blur=\u00bb0&#8243; shadow_spread=\u00bb0&#8243;][\/vc_column][vc_column width=\u00bb3\/5&#8243;][stm_spacer height=\u00bb120&#8243; height_tablet=\u00bb70&#8243; height_mobile=\u00bb60&#8243;][vc_custom_heading text=\u00bbCont\u00e1ctenos\u00bb font_container=\u00bbtag:h2|text_align:center\u00bb use_theme_fonts=\u00bbyes\u00bb heading_icon=\u00bbstmicon-haircut\u00bb heading_icon_color=\u00bbmtc\u00bb css=\u00bb.vc_custom_1759241272925{margin-bottom: 50px !important;}\u00bb][stm_contact_form_7 form=\u00bb2104&#8243;][\/vc_column][vc_column width=\u00bb1\/5&#8243;][\/vc_column][\/vc_row]<\/p>\n<\/div>","protected":false},"excerpt":{"rendered":"<p>[vc_section css=\u00bb.vc_custom_1537953987339{padding-top: 0px !important;}\u00bb][vc_row shadow_x_offset=\u00bb0&#8243; shadow_y_offset=\u00bb0&#8243; shadow_blur=\u00bb0&#8243; shadow_spread=\u00bb0&#8243; shadow_color=\u00bb\u00bb css=\u00bb.vc_custom_1531906799465{padding-top: 20px !important;}\u00bb][vc_column width=\u00bb1\/2&#8243; shadow_x_offset=\u00bb0&#8243; shadow_y_offset=\u00bb0&#8243; shadow_blur=\u00bb0&#8243; shadow_spread=\u00bb0&#8243; offset=\u00bbvc_col-lg-8 vc_col-md-8 vc_col-xs-12&#8243;][vc_custom_heading text=\u00bbCONT\u00c1CTANOS\u00bb font_container=\u00bbtag:h4|text_align:left\u00bb use_theme_fonts=\u00bbyes\u00bb][vc_column_text]\u00a1Su satisfacci\u00f3n es nuestra prioridad! Si tiene alguna pregunta, sugerencia o necesita informaci\u00f3n adicional, no dude en contactarnos. Estamos aqu\u00ed para ayudarle.[\/vc_column_text][\/vc_column][vc_column width=\u00bb1\/2&#8243; shadow_x_offset=\u00bb0&#8243; shadow_y_offset=\u00bb0&#8243; shadow_blur=\u00bb0&#8243; shadow_spread=\u00bb0&#8243; offset=\u00bbvc_col-lg-4 vc_col-md-4 vc_col-xs-12&#8243;][\/vc_column][\/vc_row][vc_row full_width=\u00bbstretch_row\u00bb equal_height=\u00bbyes\u00bb content_placement=\u00bbmiddle\u00bb [&hellip;]<\/p>\n","protected":false},"author":2,"featured_media":0,"parent":0,"menu_order":0,"comment_status":"closed","ping_status":"closed","template":"","meta":{"_joinchat":[],"footnotes":""},"class_list":["post-2100","page","type-page","status-publish","hentry"],"aioseo_notices":[],"_links":{"self":[{"href":"https:\/\/pansionbegusic.com\/es\/wp-json\/wp\/v2\/pages\/2100","targetHints":{"allow":["GET"]}}],"collection":[{"href":"https:\/\/pansionbegusic.com\/es\/wp-json\/wp\/v2\/pages"}],"about":[{"href":"https:\/\/pansionbegusic.com\/es\/wp-json\/wp\/v2\/types\/page"}],"author":[{"embeddable":true,"href":"https:\/\/pansionbegusic.com\/es\/wp-json\/wp\/v2\/users\/2"}],"replies":[{"embeddable":true,"href":"https:\/\/pansionbegusic.com\/es\/wp-json\/wp\/v2\/comments?post=2100"}],"version-history":[{"count":4,"href":"https:\/\/pansionbegusic.com\/es\/wp-json\/wp\/v2\/pages\/2100\/revisions"}],"predecessor-version":[{"id":2143,"href":"https:\/\/pansionbegusic.com\/es\/wp-json\/wp\/v2\/pages\/2100\/revisions\/2143"}],"wp:attachment":[{"href":"https:\/\/pansionbegusic.com\/es\/wp-json\/wp\/v2\/media?parent=2100"}],"curies":[{"name":"wp","href":"https:\/\/api.w.org\/{rel}","templated":true}]}}