{"id":2062,"date":"2018-06-04T16:05:39","date_gmt":"2018-06-04T16:05:39","guid":{"rendered":"https:\/\/pansionbegusic.com\/o-nama\/"},"modified":"2025-10-01T17:01:56","modified_gmt":"2025-10-01T15:01:56","slug":"chi-siamo","status":"publish","type":"page","link":"https:\/\/pansionbegusic.com\/it\/chi-siamo\/","title":{"rendered":"CHI SIAMO"},"content":{"rendered":"<div class=\"wpb-content-wrapper\"><p>[vc_row][vc_column][stm_spacer height=&#8221;40&#8243; height_tablet=&#8221;30&#8243; height_mobile=&#8221;20&#8243;][\/vc_column][\/vc_row][vc_row equal_height=&#8221;yes&#8221; content_placement=&#8221;middle&#8221; shadow_x_offset=&#8221;0&#8243; shadow_y_offset=&#8221;0&#8243; shadow_blur=&#8221;0&#8243; shadow_spread=&#8221;0&#8243;][vc_column width=&#8221;1\/3&#8243;][vc_custom_heading text=&#8221;Qualcosa su di noi&#8221; font_container=&#8221;tag:h2|font_size:40px|text_align:center|line_height:47px&#8221; use_theme_fonts=&#8221;yes&#8221;][\/vc_column][vc_column width=&#8221;2\/3&#8243;][vc_column_text]Benvenuti alla Begusi\u0107 Guesthouse &#8211; Il vostro soggiorno confortevole e conveniente nel cuore di Medjugorje<\/p>\n<p>Situata a soli 500 metri dalla Chiesa di San Giacomo, la nostra guesthouse offre una posizione ideale per chi desidera esplorare le attrazioni locali e godersi la tranquillit\u00e0 dei dintorni. La guesthouse dispone di 8 camere climatizzate, ciascuna progettata per due persone, garantendo comfort e privacy durante il vostro soggiorno.<\/p>\n<p>Gli ospiti hanno accesso a Wi-Fi gratuito, parcheggio e una cucina completamente attrezzata con zona pranzo, che vi permetter\u00e0 di preparare i pasti in tutta libert\u00e0 e di socializzare piacevolmente. Il nostro team dedicato \u00e8 sempre a vostra disposizione per rendere il vostro soggiorno rilassante e spensierato. Inoltre, gli animali domestici sono i benvenuti.<\/p>\n<p>Nelle immediate vicinanze della struttura, a soli 50 metri, si trovano un supermercato, una farmacia e un caff\u00e8, mentre la Collina delle Apparizioni dista solo 1 chilometro.<\/p>\n<p>Prenotate il vostro soggiorno alla Begu\u0161i\u0107 Guesthouse e godetevi la combinazione di comfort, servizi pratici e un&#8217;ottima posizione.[\/vc_column_text][\/vc_column][\/vc_row][vc_row][vc_column][stm_spacer height=&#8221;50&#8243; height_tablet=&#8221;50&#8243; height_mobile=&#8221;30&#8243;][\/vc_column][\/vc_row][vc_row][vc_column width=&#8221;1\/3&#8243;][vc_single_image image=&#8221;1432&#8243; img_size=&#8221;370&#215;450&#8243; alignment=&#8221;center&#8221; onclick=&#8221;link_image&#8221; css_animation=&#8221;none&#8221;][stm_spacer height=&#8221;30&#8243; height_tablet=&#8221;20&#8243; height_mobile=&#8221;10&#8243;][\/vc_column][vc_column width=&#8221;1\/3&#8243;][vc_single_image image=&#8221;1442&#8243; img_size=&#8221;370&#215;450&#8243; alignment=&#8221;center&#8221; onclick=&#8221;link_image&#8221;][stm_spacer height=&#8221;30&#8243; height_tablet=&#8221;20&#8243; height_mobile=&#8221;10&#8243;][\/vc_column][vc_column width=&#8221;1\/3&#8243;][vc_single_image image=&#8221;1434&#8243; img_size=&#8221;370&#215;450&#8243; alignment=&#8221;center&#8221; onclick=&#8221;link_image&#8221;][stm_spacer height=&#8221;30&#8243; height_tablet=&#8221;20&#8243; height_mobile=&#8221;10&#8243;][\/vc_column][\/vc_row][vc_row full_width=&#8221;stretch_row&#8221; shadow_x_offset=&#8221;0&#8243; shadow_y_offset=&#8221;0&#8243; shadow_blur=&#8221;0&#8243; shadow_spread=&#8221;0&#8243; shadow_color=&#8221;&#8221; css=&#8221;.vc_custom_1537940056087{background-position: 0 0 !important;background-repeat: repeat !important;}&#8221;][vc_column width=&#8221;1\/4&#8243; shadow_x_offset=&#8221;0&#8243; shadow_y_offset=&#8221;0&#8243; shadow_blur=&#8221;0&#8243; shadow_spread=&#8221;0&#8243; shadow_color=&#8221;&#8221;][\/vc_column][vc_column width=&#8221;1\/2&#8243;][vc_empty_space height=&#8221;64px&#8221;][vc_custom_heading text=&#8221;Perch\u00e9 scegliere noi&#8221; font_container=&#8221;tag:h2|text_align:center&#8221; use_theme_fonts=&#8221;yes&#8221; heading_icon=&#8221;stmicon-haircut&#8221; heading_icon_color=&#8221;ttc&#8221;][vc_column_text css=&#8221;.vc_custom_1759236721216{margin-bottom: 0px !important;}&#8221;]<\/p>\n<p style=\"text-align: center;\">Questi sono solo alcuni dei vantaggi che la nostra pensione offre, cos\u00ec come la posizione stessa della struttura.<\/p>\n<p>[\/vc_column_text][\/vc_column][vc_column width=&#8221;1\/4&#8243;][\/vc_column][\/vc_row][vc_row full_width=&#8221;stretch_row&#8221; shadow_x_offset=&#8221;0&#8243; shadow_y_offset=&#8221;0&#8243; shadow_blur=&#8221;0&#8243; shadow_spread=&#8221;0&#8243; shadow_color=&#8221;&#8221; css=&#8221;.vc_custom_1538030696169{padding-top: 50px !important;padding-bottom: 50px !important;}&#8221;][vc_column][vc_row_inner css=&#8221;.vc_custom_1538030529201{padding-bottom: 0px !important;}&#8221;][vc_column_inner width=&#8221;1\/4&#8243; shadow_x_offset=&#8221;0&#8243; shadow_y_offset=&#8221;0&#8243; shadow_blur=&#8221;0&#8243; shadow_spread=&#8221;0&#8243; offset=&#8221;vc_col-xs-6&#8243;][stm_icon icon_color=&#8221;ttc&#8221; icon_align=&#8221;center&#8221; height=&#8221;80&#8243; icon_styled_bg=&#8221;enable&#8221; icon=&#8221;stmicon-hotel-internet&#8221;][vc_custom_heading text=&#8221;Wi-Fi GRATUITA&#8221; font_container=&#8221;tag:h6|text_align:center&#8221; use_theme_fonts=&#8221;yes&#8221;][stm_spacer height=&#8221;70px&#8221; height_tablet=&#8221;50px&#8221; height_mobile=&#8221;30px&#8221;][stm_spacer height=&#8221;20&#8243;][\/vc_column_inner][vc_column_inner width=&#8221;1\/4&#8243; shadow_x_offset=&#8221;0&#8243; shadow_y_offset=&#8221;0&#8243; shadow_blur=&#8221;0&#8243; shadow_spread=&#8221;0&#8243; offset=&#8221;vc_col-xs-6&#8243;][stm_icon icon_color=&#8221;ttc&#8221; icon_align=&#8221;center&#8221; height=&#8221;65&#8243; icon_styled_bg=&#8221;enable&#8221; icon=&#8221;stmicon-hotel-laundry&#8221;][vc_custom_heading text=&#8221;LAVANDERIA&#8221; font_container=&#8221;tag:h6|text_align:center&#8221; use_theme_fonts=&#8221;yes&#8221;][stm_spacer height=&#8221;20&#8243;][stm_spacer height=&#8221;70px&#8221; height_tablet=&#8221;50px&#8221; height_mobile=&#8221;30px&#8221;][\/vc_column_inner][vc_column_inner width=&#8221;1\/4&#8243; shadow_x_offset=&#8221;0&#8243; shadow_y_offset=&#8221;0&#8243; shadow_blur=&#8221;0&#8243; shadow_spread=&#8221;0&#8243; offset=&#8221;vc_col-xs-6&#8243;][stm_icon icon_color=&#8221;ttc&#8221; icon_align=&#8221;center&#8221; height=&#8221;66&#8243; icon_styled_bg=&#8221;enable&#8221; icon=&#8221;stmicon-hotel-restaurant&#8221;][vc_custom_heading text=&#8221;CUCINA&#8221; font_container=&#8221;tag:h6|text_align:center&#8221; use_theme_fonts=&#8221;yes&#8221;][stm_spacer height=&#8221;70px&#8221; height_tablet=&#8221;50px&#8221; height_mobile=&#8221;30px&#8221;][stm_spacer height=&#8221;20&#8243;][\/vc_column_inner][vc_column_inner width=&#8221;1\/4&#8243; shadow_x_offset=&#8221;0&#8243; shadow_y_offset=&#8221;0&#8243; shadow_blur=&#8221;0&#8243; shadow_spread=&#8221;0&#8243; offset=&#8221;vc_col-xs-6&#8243;][stm_icon icon_color=&#8221;ttc&#8221; icon_align=&#8221;center&#8221; height=&#8221;70&#8243; icon_styled_bg=&#8221;enable&#8221; icon=&#8221;stmicon-parking&#8221;][vc_custom_heading text=&#8221;PARCHEGGIO&#8221; font_container=&#8221;tag:h6|text_align:center&#8221; use_theme_fonts=&#8221;yes&#8221;][stm_spacer height=&#8221;70px&#8221; height_tablet=&#8221;50px&#8221; height_mobile=&#8221;30px&#8221;][stm_spacer height=&#8221;20&#8243;][\/vc_column_inner][\/vc_row_inner][vc_row_inner css=&#8221;.vc_custom_1538030529201{padding-bottom: 0px !important;}&#8221;][vc_column_inner width=&#8221;1\/4&#8243; shadow_x_offset=&#8221;0&#8243; shadow_y_offset=&#8221;0&#8243; shadow_blur=&#8221;0&#8243; shadow_spread=&#8221;0&#8243; offset=&#8221;vc_col-xs-6&#8243;][stm_icon icon_color=&#8221;ttc&#8221; icon_align=&#8221;center&#8221; height=&#8221;80&#8243; icon_styled_bg=&#8221;enable&#8221; icon=&#8221;stmicon-pets&#8221;][vc_custom_heading text=&#8221;ANIMALI AMMESSI&#8221; font_container=&#8221;tag:h6|text_align:center&#8221; use_theme_fonts=&#8221;yes&#8221;][stm_spacer height=&#8221;70px&#8221; height_tablet=&#8221;50px&#8221; height_mobile=&#8221;30px&#8221;][stm_spacer height=&#8221;20&#8243;][\/vc_column_inner][vc_column_inner width=&#8221;1\/4&#8243; shadow_x_offset=&#8221;0&#8243; shadow_y_offset=&#8221;0&#8243; shadow_blur=&#8221;0&#8243; shadow_spread=&#8221;0&#8243; offset=&#8221;vc_col-xs-6&#8243;][stm_icon icon_color=&#8221;ttc&#8221; icon_align=&#8221;center&#8221; height=&#8221;65&#8243; icon_styled_bg=&#8221;enable&#8221; icon=&#8221;stmicon-hotel_hotel&#8221;][vc_custom_heading text=&#8221;FARMACIA&#8221; font_container=&#8221;tag:h6|text_align:center&#8221; use_theme_fonts=&#8221;yes&#8221;][stm_spacer height=&#8221;20&#8243;][stm_spacer height=&#8221;70px&#8221; height_tablet=&#8221;50px&#8221; height_mobile=&#8221;30px&#8221;][\/vc_column_inner][vc_column_inner width=&#8221;1\/4&#8243; shadow_x_offset=&#8221;0&#8243; shadow_y_offset=&#8221;0&#8243; shadow_blur=&#8221;0&#8243; shadow_spread=&#8221;0&#8243; offset=&#8221;vc_col-xs-6&#8243;][stm_icon icon_color=&#8221;ttc&#8221; icon_align=&#8221;center&#8221; height=&#8221;66&#8243; icon_styled_bg=&#8221;enable&#8221; icon=&#8221;stmicon-shopping&#8221;][vc_custom_heading text=&#8221;NEGOZIO&#8221; font_container=&#8221;tag:h6|text_align:center&#8221; use_theme_fonts=&#8221;yes&#8221;][stm_spacer height=&#8221;70px&#8221; height_tablet=&#8221;50px&#8221; height_mobile=&#8221;30px&#8221;][stm_spacer height=&#8221;20&#8243;][\/vc_column_inner][vc_column_inner width=&#8221;1\/4&#8243; shadow_x_offset=&#8221;0&#8243; shadow_y_offset=&#8221;0&#8243; shadow_blur=&#8221;0&#8243; shadow_spread=&#8221;0&#8243; offset=&#8221;vc_col-xs-6&#8243;][stm_icon icon_color=&#8221;ttc&#8221; icon_align=&#8221;center&#8221; height=&#8221;66&#8243; icon_styled_bg=&#8221;enable&#8221; icon=&#8221;stmicon-hotel-breakfast2&#8243;][vc_custom_heading text=&#8221;CAFF\u00c8-BAR&#8221; font_container=&#8221;tag:h6|text_align:center&#8221; use_theme_fonts=&#8221;yes&#8221;][stm_spacer height=&#8221;70px&#8221; height_tablet=&#8221;50px&#8221; height_mobile=&#8221;30px&#8221;][stm_spacer height=&#8221;20&#8243;][\/vc_column_inner][\/vc_row_inner][\/vc_column][\/vc_row][vc_row shadow_x_offset=&#8221;0&#8243; shadow_y_offset=&#8221;0&#8243; shadow_blur=&#8221;0&#8243; shadow_spread=&#8221;0&#8243;][vc_column width=&#8221;2\/3&#8243;][vc_empty_space height=&#8221;64px&#8221;][vc_custom_heading text=&#8221;A pochi passi dalla Chiesa di San Giacomo&#8221; font_container=&#8221;tag:h2|text_align:center&#8221; use_theme_fonts=&#8221;yes&#8221; heading_icon=&#8221;stmicon-haircut&#8221; heading_icon_color=&#8221;ttc&#8221;][vc_column_text css=&#8221;.vc_custom_1759236861854{margin-bottom: 0px !important;}&#8221;]<\/p>\n<p style=\"text-align: center;\">La nostra pensione si trova nelle immediate vicinanze della Chiesa di San Giacomo a Medjugorje. \u00c8 possibile raggiungere la chiesa con una piacevole passeggiata di soli 8 minuti, per una distanza di circa 500 metri. Guarda il breve video del percorso dalla nostra pensione alla chiesa e scopri la posizione perfetta.<\/p>\n<p>[\/vc_column_text][vc_empty_space height=&#8221;64px&#8221;][vc_row_inner][vc_column_inner width=&#8221;1\/3&#8243;][stm_icon icon_color=&#8221;ttc&#8221; icon_align=&#8221;center&#8221; height=&#8221;80&#8243; icon_styled_bg=&#8221;enable&#8221; icon=&#8221;stmicon-hotel_building-1&#8243;][\/vc_column_inner][vc_column_inner width=&#8221;1\/3&#8243;][vc_custom_heading text=&#8221;Distanza 500\u202fm&#8221; font_container=&#8221;tag:h5|text_align:center&#8221; use_theme_fonts=&#8221;yes&#8221;][\/vc_column_inner][vc_column_inner width=&#8221;1\/3&#8243;][stm_icon icon_color=&#8221;ttc&#8221; icon_align=&#8221;center&#8221; height=&#8221;80&#8243; icon_styled_bg=&#8221;enable&#8221; icon=&#8221;fas fa-church&#8221;][\/vc_column_inner][\/vc_row_inner][\/vc_column][vc_column width=&#8221;1\/3&#8243; shadow_x_offset=&#8221;0&#8243; shadow_y_offset=&#8221;0&#8243; shadow_blur=&#8221;0&#8243; shadow_spread=&#8221;0&#8243; shadow_color=&#8221;&#8221;][vc_row_inner css=&#8221;.vc_custom_1758638543198{margin-right: 0px !important;margin-left: 0px !important;background-position: center !important;background-repeat: no-repeat !important;background-size: cover !important;}&#8221;][vc_column_inner][vc_column_text]<\/p>\n<div style=\"padding: 176.67% 0 0 0; position: relative;\"><iframe style=\"position: absolute; top: 0; left: 0; width: 100%; height: 100%;\" title=\"whatsapp-video-2025-09-17-at-164003_nE3zSY4T\" src=\"https:\/\/player.vimeo.com\/video\/1121875369?badge=0&amp;autopause=0&amp;player_id=0&amp;app_id=58479\" frameborder=\"0\"><\/iframe><\/div>\n<p><script src=\"https:\/\/player.vimeo.com\/api\/player.js\"><\/script>[\/vc_column_text][vc_icon color=&#8221;white&#8221; css=&#8221;.vc_custom_1758807307353{margin-bottom: -50px !important;}&#8221;][\/vc_column_inner][\/vc_row_inner][\/vc_column][\/vc_row]<\/p>\n<\/div>","protected":false},"excerpt":{"rendered":"<p>[vc_row][vc_column][stm_spacer height=&#8221;40&#8243; height_tablet=&#8221;30&#8243; height_mobile=&#8221;20&#8243;][\/vc_column][\/vc_row][vc_row equal_height=&#8221;yes&#8221; content_placement=&#8221;middle&#8221; shadow_x_offset=&#8221;0&#8243; shadow_y_offset=&#8221;0&#8243; shadow_blur=&#8221;0&#8243; shadow_spread=&#8221;0&#8243;][vc_column width=&#8221;1\/3&#8243;][vc_custom_heading text=&#8221;Qualcosa su di noi&#8221; font_container=&#8221;tag:h2|font_size:40px|text_align:center|line_height:47px&#8221; use_theme_fonts=&#8221;yes&#8221;][\/vc_column][vc_column width=&#8221;2\/3&#8243;][vc_column_text]Benvenuti alla Begusi\u0107 Guesthouse &#8211; Il vostro soggiorno confortevole e conveniente nel cuore di Medjugorje Situata a soli 500 metri dalla Chiesa di San Giacomo, la nostra guesthouse offre una posizione ideale per chi desidera esplorare le attrazioni [&hellip;]<\/p>\n","protected":false},"author":2,"featured_media":0,"parent":0,"menu_order":0,"comment_status":"closed","ping_status":"closed","template":"","meta":{"_joinchat":[],"footnotes":""},"class_list":["post-2062","page","type-page","status-publish","hentry"],"aioseo_notices":[],"_links":{"self":[{"href":"https:\/\/pansionbegusic.com\/it\/wp-json\/wp\/v2\/pages\/2062","targetHints":{"allow":["GET"]}}],"collection":[{"href":"https:\/\/pansionbegusic.com\/it\/wp-json\/wp\/v2\/pages"}],"about":[{"href":"https:\/\/pansionbegusic.com\/it\/wp-json\/wp\/v2\/types\/page"}],"author":[{"embeddable":true,"href":"https:\/\/pansionbegusic.com\/it\/wp-json\/wp\/v2\/users\/2"}],"replies":[{"embeddable":true,"href":"https:\/\/pansionbegusic.com\/it\/wp-json\/wp\/v2\/comments?post=2062"}],"version-history":[{"count":2,"href":"https:\/\/pansionbegusic.com\/it\/wp-json\/wp\/v2\/pages\/2062\/revisions"}],"predecessor-version":[{"id":2064,"href":"https:\/\/pansionbegusic.com\/it\/wp-json\/wp\/v2\/pages\/2062\/revisions\/2064"}],"wp:attachment":[{"href":"https:\/\/pansionbegusic.com\/it\/wp-json\/wp\/v2\/media?parent=2062"}],"curies":[{"name":"wp","href":"https:\/\/api.w.org\/{rel}","templated":true}]}}