{"id":2077,"date":"2018-05-25T04:39:02","date_gmt":"2018-05-25T04:39:02","guid":{"rendered":"https:\/\/pansionbegusic.com\/pocetna\/"},"modified":"2025-10-01T17:52:25","modified_gmt":"2025-10-01T15:52:25","slug":"strona-glowna","status":"publish","type":"page","link":"https:\/\/pansionbegusic.com\/pl\/","title":{"rendered":"STRONA G\u0141\u00d3WNA"},"content":{"rendered":"<div class=\"wpb-content-wrapper\"><p>[vc_row full_width=&#8221;stretch_row&#8221; shadow_x_offset=&#8221;0&#8243; shadow_y_offset=&#8221;0&#8243; shadow_blur=&#8221;0&#8243; shadow_spread=&#8221;0&#8243; shadow_color=&#8221;&#8221; el_class=&#8221;overlap&#8221;][vc_column shadow_x_offset=&#8221;0&#8243; shadow_y_offset=&#8221;0&#8243; shadow_blur=&#8221;0&#8243; shadow_spread=&#8221;0&#8243; offset=&#8221;vc_col-lg-offset-1 vc_col-lg-10 vc_col-md-offset-1 vc_col-md-10 vc_col-xs-12&#8243;][rev_slider_vc alias=&#8221;home-14&#8243;][\/vc_column][\/vc_row][vc_section css=&#8221;.vc_custom_1538719318483{margin-top: -35px !important;background-image: url(https:\/\/pansionbegusic.com\/wp-content\/uploads\/2018\/10\/pat2.png?id=1308) !important;}&#8221; el_class=&#8221;fixed_bg&#8221;][vc_row full_width=&#8221;stretch_row&#8221; shadow_x_offset=&#8221;0&#8243; shadow_y_offset=&#8221;0&#8243; shadow_blur=&#8221;0&#8243; shadow_spread=&#8221;0&#8243; shadow_color=&#8221;&#8221; el_class=&#8221;overlap&#8221; css=&#8221;.vc_custom_1533026956511{margin-right: 0px !important;margin-left: 0px !important;padding-right: 15px !important;padding-left: 15px !important;}&#8221;][vc_column css_animation=&#8221;none&#8221; shadow_x_offset=&#8221;&#8221; shadow_y_offset=&#8221;&#8221; shadow_blur=&#8221;&#8221; shadow_spread=&#8221;&#8221; shadow_color=&#8221;&#8221; offset=&#8221;vc_col-lg-offset-0 vc_col-lg-12 vc_col-md-offset-0 vc_col-md-12 vc_col-xs-12&#8243; css=&#8221;.vc_custom_1538048195465{margin-top: -101px !important;}&#8221;][\/vc_column][\/vc_row][vc_row][vc_column][stm_spacer height=&#8221;124&#8243; height_tablet=&#8221;100&#8243; height_mobile=&#8221;100&#8243;][vc_custom_heading text=&#8221;Najlepsze dla Ciebie&#8221; font_container=&#8221;tag:h2|text_align:center&#8221; use_theme_fonts=&#8221;yes&#8221; heading_icon=&#8221;stmicon-haircut&#8221; heading_icon_color=&#8221;ttc&#8221;][\/vc_column][\/vc_row][vc_row equal_height=&#8221;yes&#8221; shadow_x_offset=&#8221;0&#8243; shadow_y_offset=&#8221;0&#8243; shadow_blur=&#8221;0&#8243; shadow_spread=&#8221;0&#8243; shadow_color=&#8221;&#8221; css=&#8221;.vc_custom_1538027219361{padding-top: 27px !important;padding-right: 30px !important;padding-left: 30px !important;}&#8221; el_class=&#8221;sm_ml_0 sm_mr_0&#8243;][vc_column css_animation=&#8221;none&#8221; width=&#8221;1\/2&#8243; shadow_x_offset=&#8221;0&#8243; shadow_y_offset=&#8221;0&#8243; shadow_blur=&#8221;0&#8243; shadow_spread=&#8221;0&#8243; shadow_color=&#8221;&#8221; css=&#8221;.vc_custom_1758546939631{background-image: url(https:\/\/pansionbegusic.com\/wp-content\/uploads\/2025\/09\/WhatsApp-Image-2025-09-17-at-16.40.33-5-1.jpg?id=1427) !important;background-position: center !important;background-repeat: no-repeat !important;background-size: cover !important;}&#8221; offset=&#8221;vc_col-lg-offset-0 vc_col-lg-6 vc_col-md-offset-0 vc_col-md-6 vc_col-xs-12&#8243; el_class=&#8221;stm_zoom_bg&#8221;][stm_spacer height=&#8221;0&#8243; height_tablet=&#8221;0&#8243; height_mobile=&#8221;350&#8243;][\/vc_column][vc_column css_animation=&#8221;none&#8221; width=&#8221;1\/2&#8243; shadow_x_offset=&#8221;0&#8243; shadow_y_offset=&#8221;0&#8243; shadow_blur=&#8221;0&#8243; shadow_spread=&#8221;0&#8243; shadow_color=&#8221;&#8221; css=&#8221;.vc_custom_1538027326972{padding-top: 0px !important;background-color: #ffffff !important;}&#8221; offset=&#8221;vc_col-lg-6 vc_col-md-6 vc_col-xs-12&#8243;][vc_row_inner][vc_column_inner shadow_x_offset=&#8221;0&#8243; shadow_y_offset=&#8221;0&#8243; shadow_blur=&#8221;0&#8243; shadow_spread=&#8221;0&#8243; shadow_color=&#8221;&#8221; offset=&#8221;vc_col-lg-offset-0 vc_col-lg-12 vc_col-md-offset-0 vc_col-md-12 vc_col-xs-12&#8243; css=&#8221;.vc_custom_1538027472213{padding-top: 0px !important;}&#8221;][stm_spacer height=&#8221;73&#8243; height_mobile=&#8221;50&#8243; height_tablet_landscape=&#8221;0&#8243; height_tablet=&#8221;60&#8243;][vc_custom_heading text=&#8221;POKOJE I APARTAMENTY&#8221; font_container=&#8221;tag:h4|text_align:center&#8221; use_theme_fonts=&#8221;yes&#8221; css=&#8221;.vc_custom_1759237492027{margin-bottom: 30px !important;}&#8221;][vc_column_text css=&#8221;.vc_custom_1759237530013{margin-bottom: 44px !important;padding-right: 45px !important;padding-left: 45px !important;}&#8221; el_class=&#8221;sm_pl_15 sm_pr_15&#8243;]<\/p>\n<p style=\"text-align: center;\">Nasze pokoje emanuj\u0105 ciep\u0142em i harmoni\u0105, tworz\u0105c przyjemn\u0105 atmosfer\u0119 dla ka\u017cdego go\u015bcia. Przestronno\u015b\u0107 i wygodne \u0142\u00f3\u017cka zapewniaj\u0105 spokojny sen i pe\u0142ny relaks.<\/p>\n<p>[\/vc_column_text][stm_button button_style=&#8221;outline&#8221; button_size=&#8221;lg&#8221; button_pos=&#8221;center&#8221; button_icon_pos=&#8221;left&#8221; button_icon=&#8221;stmicon-arrow_forward&#8221; button_icon_class=&#8221;custom&#8221; button_icon_color=&#8221;#ffac41&#8243; button_icon_color_hover=&#8221;#ffffff&#8221; button_icon_size=&#8221;20&#8243; link=&#8221;url:%2Fpl%2Fo-nas%2F&#8221;][stm_spacer height=&#8221;60&#8243; height_mobile=&#8221;40&#8243; height_tablet_landscape=&#8221;0&#8243; height_tablet=&#8221;50&#8243;][\/vc_column_inner][\/vc_row_inner][\/vc_column][\/vc_row][vc_row][vc_column][stm_spacer height=&#8221;0&#8243; height_tablet=&#8221;0&#8243; height_mobile=&#8221;50&#8243;][\/vc_column][\/vc_row][vc_row equal_height=&#8221;yes&#8221; shadow_x_offset=&#8221;0&#8243; shadow_y_offset=&#8221;0&#8243; shadow_blur=&#8221;0&#8243; shadow_spread=&#8221;0&#8243; shadow_color=&#8221;&#8221; css=&#8221;.vc_custom_1538027425183{padding-right: 30px !important;padding-left: 30px !important;}&#8221; el_class=&#8221;sm_ml_0 sm_mr_0&#8243;][vc_column css_animation=&#8221;none&#8221; width=&#8221;1\/2&#8243; shadow_x_offset=&#8221;0&#8243; shadow_y_offset=&#8221;0&#8243; shadow_blur=&#8221;0&#8243; shadow_spread=&#8221;0&#8243; shadow_color=&#8221;&#8221; css=&#8221;.vc_custom_1538027370250{padding-top: 0px !important;background-color: #ffffff !important;}&#8221; offset=&#8221;vc_col-lg-offset-0 vc_col-lg-6 vc_col-md-offset-0 vc_col-md-6 vc_col-xs-12&#8243;][vc_row_inner][vc_column_inner shadow_x_offset=&#8221;0&#8243; shadow_y_offset=&#8221;0&#8243; shadow_blur=&#8221;0&#8243; shadow_spread=&#8221;0&#8243; shadow_color=&#8221;&#8221; offset=&#8221;vc_col-lg-offset-0 vc_col-lg-12 vc_col-md-offset-0 vc_col-md-12 vc_col-xs-12&#8243; css=&#8221;.vc_custom_1538027485079{padding-top: 0px !important;}&#8221;][stm_spacer height=&#8221;73&#8243; height_mobile=&#8221;50&#8243; height_tablet_landscape=&#8221;0&#8243; height_tablet=&#8221;60&#8243;][vc_custom_heading text=&#8221;MEDZIUGORJE&#8221; font_container=&#8221;tag:h4|text_align:center&#8221; use_theme_fonts=&#8221;yes&#8221; css=&#8221;.vc_custom_1759237553343{margin-bottom: 30px !important;}&#8221;][vc_column_text css=&#8221;.vc_custom_1759237568181{margin-bottom: 44px !important;padding-right: 45px !important;padding-left: 45px !important;}&#8221; el_class=&#8221;sm_pl_15 sm_pr_15&#8243;]<\/p>\n<p style=\"text-align: center;\">Medziugorje to znane na ca\u0142ym \u015bwiecie miejsce pielgrzymkowe w Hercegowinie, znane ze swojej wiary, modlitwy i spokoju duchowego.<\/p>\n<p>[\/vc_column_text][stm_spacer height=&#8221;60&#8243; height_mobile=&#8221;40&#8243; height_tablet_landscape=&#8221;0&#8243; height_tablet=&#8221;50&#8243;][\/vc_column_inner][\/vc_row_inner][\/vc_column][vc_column css_animation=&#8221;none&#8221; width=&#8221;1\/2&#8243; shadow_x_offset=&#8221;0&#8243; shadow_y_offset=&#8221;0&#8243; shadow_blur=&#8221;0&#8243; shadow_spread=&#8221;0&#8243; shadow_color=&#8221;&#8221; css=&#8221;.vc_custom_1758546402311{background-image: url(https:\/\/pansionbegusic.com\/wp-content\/uploads\/2025\/09\/Medjugorje.jpg?id=1425) !important;background-position: center !important;background-repeat: no-repeat !important;background-size: cover !important;}&#8221; offset=&#8221;vc_col-lg-offset-0 vc_col-lg-6 vc_col-md-offset-0 vc_col-md-6 vc_col-xs-12&#8243; el_class=&#8221;stm_zoom_bg&#8221;][stm_spacer height=&#8221;0&#8243; height_tablet=&#8221;0&#8243; height_mobile=&#8221;350&#8243;][\/vc_column][\/vc_row][vc_row][vc_column][stm_spacer height=&#8221;0&#8243; height_tablet=&#8221;0&#8243; height_mobile=&#8221;50&#8243;][\/vc_column][\/vc_row][vc_row equal_height=&#8221;yes&#8221; shadow_x_offset=&#8221;0&#8243; shadow_y_offset=&#8221;0&#8243; shadow_blur=&#8221;0&#8243; shadow_spread=&#8221;0&#8243; shadow_color=&#8221;&#8221; css=&#8221;.vc_custom_1538027432371{padding-right: 30px !important;padding-left: 30px !important;}&#8221; el_class=&#8221;sm_ml_0 sm_mr_0&#8243;][vc_column css_animation=&#8221;none&#8221; width=&#8221;1\/2&#8243; shadow_x_offset=&#8221;0&#8243; shadow_y_offset=&#8221;0&#8243; shadow_blur=&#8221;0&#8243; shadow_spread=&#8221;0&#8243; shadow_color=&#8221;&#8221; css=&#8221;.vc_custom_1758546182037{background-image: url(https:\/\/pansionbegusic.com\/wp-content\/uploads\/2025\/09\/Brdo-ukazanja.jpg?id=1424) !important;background-position: center !important;background-repeat: no-repeat !important;background-size: cover !important;}&#8221; offset=&#8221;vc_col-lg-offset-0 vc_col-lg-6 vc_col-md-offset-0 vc_col-md-6 vc_col-xs-12&#8243; el_class=&#8221;stm_zoom_bg&#8221;][stm_spacer height=&#8221;0&#8243; height_tablet=&#8221;0&#8243; height_mobile=&#8221;350&#8243;][\/vc_column][vc_column css_animation=&#8221;none&#8221; width=&#8221;1\/2&#8243; shadow_x_offset=&#8221;0&#8243; shadow_y_offset=&#8221;0&#8243; shadow_blur=&#8221;0&#8243; shadow_spread=&#8221;0&#8243; shadow_color=&#8221;&#8221; css=&#8221;.vc_custom_1538027392124{padding-top: 0px !important;background-color: #ffffff !important;}&#8221; offset=&#8221;vc_col-lg-6 vc_col-md-6 vc_col-xs-12&#8243;][vc_row_inner][vc_column_inner shadow_x_offset=&#8221;0&#8243; shadow_y_offset=&#8221;0&#8243; shadow_blur=&#8221;0&#8243; shadow_spread=&#8221;0&#8243; shadow_color=&#8221;&#8221; offset=&#8221;vc_col-lg-offset-0 vc_col-lg-12 vc_col-md-offset-0 vc_col-md-12 vc_col-xs-12&#8243; css=&#8221;.vc_custom_1538027496996{padding-top: 0px !important;}&#8221;][stm_spacer height=&#8221;73&#8243; height_mobile=&#8221;50&#8243; height_tablet_landscape=&#8221;0&#8243; height_tablet=&#8221;60&#8243;][vc_custom_heading text=&#8221;WZG\u00d3RZ OBJAWIE\u0143&#8221; font_container=&#8221;tag:h4|text_align:center&#8221; use_theme_fonts=&#8221;yes&#8221; css=&#8221;.vc_custom_1759237585392{margin-bottom: 30px !important;}&#8221;][vc_column_text css=&#8221;.vc_custom_1759237599419{margin-bottom: 44px !important;padding-right: 45px !important;padding-left: 45px !important;}&#8221; el_class=&#8221;sm_pl_15 sm_pr_15&#8243;]<\/p>\n<p style=\"text-align: center;\">Wzg\u00f3rze Objawie\u0144 to miejsce, w kt\u00f3rym modlitwa i cisza \u0142\u0105cz\u0105 si\u0119 w g\u0142\u0119bokie do\u015bwiadczenie wiary, a pielgrzymi odnajduj\u0105 spok\u00f3j, nadziej\u0119 i si\u0142\u0119 na drog\u0119 \u017cycia.<\/p>\n<p>[\/vc_column_text][stm_spacer height=&#8221;60&#8243; height_mobile=&#8221;40&#8243; height_tablet_landscape=&#8221;0&#8243; height_tablet=&#8221;50&#8243;][\/vc_column_inner][\/vc_row_inner][\/vc_column][\/vc_row][vc_row][vc_column][stm_spacer height=&#8221;90&#8243; height_tablet=&#8221;70&#8243; height_mobile=&#8221;50&#8243;][\/vc_column][\/vc_row][\/vc_section][vc_section css=&#8221;.vc_custom_1537869517070{padding-top: 0px !important;}&#8221;][vc_row full_width=&#8221;stretch_row&#8221; shadow_x_offset=&#8221;0&#8243; shadow_y_offset=&#8221;0&#8243; shadow_blur=&#8221;0&#8243; shadow_spread=&#8221;0&#8243; shadow_color=&#8221;&#8221; css=&#8221;.vc_custom_1537940056087{background-position: 0 0 !important;background-repeat: repeat !important;}&#8221;][vc_column width=&#8221;1\/4&#8243; shadow_x_offset=&#8221;0&#8243; shadow_y_offset=&#8221;0&#8243; shadow_blur=&#8221;0&#8243; shadow_spread=&#8221;0&#8243; shadow_color=&#8221;&#8221;][\/vc_column][vc_column width=&#8221;1\/2&#8243;][stm_spacer height=&#8221;123&#8243; height_tablet=&#8221;100&#8243; height_mobile=&#8221;100&#8243;][vc_custom_heading text=&#8221;Dlaczego warto wybra\u0107 nas&#8221; font_container=&#8221;tag:h2|text_align:center&#8221; use_theme_fonts=&#8221;yes&#8221; heading_icon=&#8221;stmicon-haircut&#8221; heading_icon_color=&#8221;ttc&#8221;][vc_column_text css=&#8221;.vc_custom_1759237628505{margin-bottom: 0px !important;}&#8221;]<\/p>\n<p style=\"text-align: center;\">To tylko niekt\u00f3re z zalet naszego pensjonatu, a tak\u017ce lokalizacja samego obiektu noclegowego<\/p>\n<p>[\/vc_column_text][\/vc_column][vc_column width=&#8221;1\/4&#8243;][\/vc_column][\/vc_row][vc_row full_width=&#8221;stretch_row&#8221; shadow_x_offset=&#8221;0&#8243; shadow_y_offset=&#8221;0&#8243; shadow_blur=&#8221;0&#8243; shadow_spread=&#8221;0&#8243; shadow_color=&#8221;&#8221; css=&#8221;.vc_custom_1538030696169{padding-top: 50px !important;padding-bottom: 50px !important;}&#8221;][vc_column][vc_row_inner css=&#8221;.vc_custom_1538030529201{padding-bottom: 0px !important;}&#8221;][vc_column_inner width=&#8221;1\/4&#8243; shadow_x_offset=&#8221;0&#8243; shadow_y_offset=&#8221;0&#8243; shadow_blur=&#8221;0&#8243; shadow_spread=&#8221;0&#8243; shadow_color=&#8221;&#8221; offset=&#8221;vc_col-xs-6&#8243; css=&#8221;.vc_custom_1759333926195{margin-bottom: -40px !important;}&#8221;][stm_icon icon_color=&#8221;ttc&#8221; icon_align=&#8221;center&#8221; height=&#8221;80&#8243; icon_styled_bg=&#8221;enable&#8221; icon=&#8221;stmicon-hotel-internet&#8221;][vc_custom_heading text=&#8221;BEZP\u0141ATNE Wi-Fi&#8221; font_container=&#8221;tag:h6|text_align:center&#8221; use_theme_fonts=&#8221;yes&#8221;][stm_spacer height=&#8221;20&#8243;][\/vc_column_inner][vc_column_inner width=&#8221;1\/4&#8243; shadow_x_offset=&#8221;0&#8243; shadow_y_offset=&#8221;0&#8243; shadow_blur=&#8221;0&#8243; shadow_spread=&#8221;0&#8243; offset=&#8221;vc_col-xs-6&#8243;][stm_icon icon_color=&#8221;ttc&#8221; icon_align=&#8221;center&#8221; height=&#8221;65&#8243; icon_styled_bg=&#8221;enable&#8221; icon=&#8221;stmicon-hotel-laundry&#8221;][vc_custom_heading text=&#8221;PRANIE&#8221; font_container=&#8221;tag:h6|text_align:center&#8221; use_theme_fonts=&#8221;yes&#8221;][stm_spacer height=&#8221;20&#8243;][\/vc_column_inner][vc_column_inner width=&#8221;1\/4&#8243; shadow_x_offset=&#8221;0&#8243; shadow_y_offset=&#8221;0&#8243; shadow_blur=&#8221;0&#8243; shadow_spread=&#8221;0&#8243; offset=&#8221;vc_col-xs-6&#8243;][stm_icon icon_color=&#8221;ttc&#8221; icon_align=&#8221;center&#8221; height=&#8221;66&#8243; icon_styled_bg=&#8221;enable&#8221; icon=&#8221;stmicon-hotel-restaurant&#8221;][vc_custom_heading text=&#8221;KUCHNIA&#8221; font_container=&#8221;tag:h6|text_align:center&#8221; use_theme_fonts=&#8221;yes&#8221;][stm_spacer height=&#8221;20&#8243;][\/vc_column_inner][vc_column_inner width=&#8221;1\/4&#8243; shadow_x_offset=&#8221;0&#8243; shadow_y_offset=&#8221;0&#8243; shadow_blur=&#8221;0&#8243; shadow_spread=&#8221;0&#8243; offset=&#8221;vc_col-xs-6&#8243;][stm_icon icon_color=&#8221;ttc&#8221; icon_align=&#8221;center&#8221; height=&#8221;70&#8243; icon_styled_bg=&#8221;enable&#8221; icon=&#8221;stmicon-parking&#8221;][vc_custom_heading text=&#8221;PARKING&#8221; font_container=&#8221;tag:h6|text_align:center&#8221; use_theme_fonts=&#8221;yes&#8221;][stm_spacer height=&#8221;20&#8243;][\/vc_column_inner][\/vc_row_inner][vc_row_inner css=&#8221;.vc_custom_1538030529201{padding-bottom: 0px !important;}&#8221;][vc_column_inner width=&#8221;1\/4&#8243; shadow_x_offset=&#8221;0&#8243; shadow_y_offset=&#8221;0&#8243; shadow_blur=&#8221;0&#8243; shadow_spread=&#8221;0&#8243; shadow_color=&#8221;&#8221; offset=&#8221;vc_col-xs-6&#8243; css=&#8221;.vc_custom_1759333937379{margin-bottom: -40px !important;}&#8221;][stm_icon icon_color=&#8221;ttc&#8221; icon_align=&#8221;center&#8221; height=&#8221;80&#8243; icon_styled_bg=&#8221;enable&#8221; icon=&#8221;stmicon-pets&#8221;][vc_custom_heading text=&#8221;ZWIERZ\u0118TA DOZWOLONE&#8221; font_container=&#8221;tag:h6|text_align:center&#8221; use_theme_fonts=&#8221;yes&#8221;][stm_spacer height=&#8221;20&#8243;][\/vc_column_inner][vc_column_inner width=&#8221;1\/4&#8243; shadow_x_offset=&#8221;0&#8243; shadow_y_offset=&#8221;0&#8243; shadow_blur=&#8221;0&#8243; shadow_spread=&#8221;0&#8243; offset=&#8221;vc_col-xs-6&#8243;][stm_icon icon_color=&#8221;ttc&#8221; icon_align=&#8221;center&#8221; height=&#8221;65&#8243; icon_styled_bg=&#8221;enable&#8221; icon=&#8221;stmicon-hotel_hotel&#8221;][vc_custom_heading text=&#8221;APTEKA&#8221; font_container=&#8221;tag:h6|text_align:center&#8221; use_theme_fonts=&#8221;yes&#8221;][stm_spacer height=&#8221;20&#8243;][\/vc_column_inner][vc_column_inner width=&#8221;1\/4&#8243; shadow_x_offset=&#8221;0&#8243; shadow_y_offset=&#8221;0&#8243; shadow_blur=&#8221;0&#8243; shadow_spread=&#8221;0&#8243; offset=&#8221;vc_col-xs-6&#8243;][stm_icon icon_color=&#8221;ttc&#8221; icon_align=&#8221;center&#8221; height=&#8221;66&#8243; icon_styled_bg=&#8221;enable&#8221; icon=&#8221;stmicon-shopping&#8221;][vc_custom_heading text=&#8221;HANDEL&#8221; font_container=&#8221;tag:h6|text_align:center&#8221; use_theme_fonts=&#8221;yes&#8221;][stm_spacer height=&#8221;20&#8243;][\/vc_column_inner][vc_column_inner width=&#8221;1\/4&#8243; shadow_x_offset=&#8221;0&#8243; shadow_y_offset=&#8221;0&#8243; shadow_blur=&#8221;0&#8243; shadow_spread=&#8221;0&#8243; offset=&#8221;vc_col-xs-6&#8243;][stm_icon icon_color=&#8221;ttc&#8221; icon_align=&#8221;center&#8221; height=&#8221;66&#8243; icon_styled_bg=&#8221;enable&#8221; icon=&#8221;stmicon-hotel-breakfast2&#8243;][vc_custom_heading text=&#8221;KAWIARNIA BAR&#8221; font_container=&#8221;tag:h6|text_align:center&#8221; use_theme_fonts=&#8221;yes&#8221;][stm_spacer height=&#8221;20&#8243;][\/vc_column_inner][\/vc_row_inner][\/vc_column][\/vc_row][\/vc_section][vc_section full_width=&#8221;stretch_row&#8221; css=&#8221;.vc_custom_1537940429032{padding-top: 0px !important;background-color: #3a3138 !important;}&#8221;][vc_row full_width=&#8221;stretch_row&#8221; shadow_x_offset=&#8221;0&#8243; shadow_y_offset=&#8221;0&#8243; shadow_blur=&#8221;0&#8243; shadow_spread=&#8221;0&#8243; shadow_color=&#8221;&#8221; css=&#8221;.vc_custom_1537940056087{background-position: 0 0 !important;background-repeat: repeat !important;}&#8221;][vc_column width=&#8221;1\/4&#8243; shadow_x_offset=&#8221;0&#8243; shadow_y_offset=&#8221;0&#8243; shadow_blur=&#8221;0&#8243; shadow_spread=&#8221;0&#8243; shadow_color=&#8221;&#8221;][\/vc_column][vc_column width=&#8221;1\/2&#8243;][stm_spacer height=&#8221;118&#8243; height_tablet=&#8221;100&#8243; height_mobile=&#8221;100&#8243;][vc_custom_heading text=&#8221;Galeria&#8221; font_container=&#8221;tag:h2|text_align:center|color:%23ffffff&#8221; use_theme_fonts=&#8221;yes&#8221; heading_icon=&#8221;stmicon-haircut&#8221; heading_icon_color=&#8221;mtc&#8221; css=&#8221;.vc_custom_1759238263999{margin-bottom: 45px !important;}&#8221;][\/vc_column][vc_column width=&#8221;1\/4&#8243;][\/vc_column][\/vc_row][vc_row][vc_column][stm_carousel_gallery images_effect=&#8221;0&#8243; lightgallery=&#8221;disable&#8221; images_margin=&#8221;30&#8243; autoscroll=&#8221;disable&#8221; thumbnails=&#8221;disable&#8221; visibility=&#8221;enable&#8221; description=&#8221;disable&#8221; images=&#8221;1488,1487,1485,1474,1489,1486&#8243; image_size=&#8221;1170&#215;660&#8243;][\/vc_column][\/vc_row][\/vc_section]<\/p>\n<\/div>","protected":false},"excerpt":{"rendered":"<p>[vc_row full_width=&#8221;stretch_row&#8221; shadow_x_offset=&#8221;0&#8243; shadow_y_offset=&#8221;0&#8243; shadow_blur=&#8221;0&#8243; shadow_spread=&#8221;0&#8243; shadow_color=&#8221;&#8221; el_class=&#8221;overlap&#8221;][vc_column shadow_x_offset=&#8221;0&#8243; shadow_y_offset=&#8221;0&#8243; shadow_blur=&#8221;0&#8243; shadow_spread=&#8221;0&#8243; offset=&#8221;vc_col-lg-offset-1 vc_col-lg-10 vc_col-md-offset-1 vc_col-md-10 vc_col-xs-12&#8243;][rev_slider_vc alias=&#8221;home-14&#8243;][\/vc_column][\/vc_row][vc_section css=&#8221;.vc_custom_1538719318483{margin-top: -35px !important;background-image: url(https:\/\/pansionbegusic.com\/wp-content\/uploads\/2018\/10\/pat2.png?id=1308) !important;}&#8221; el_class=&#8221;fixed_bg&#8221;][vc_row full_width=&#8221;stretch_row&#8221; shadow_x_offset=&#8221;0&#8243; shadow_y_offset=&#8221;0&#8243; shadow_blur=&#8221;0&#8243; shadow_spread=&#8221;0&#8243; shadow_color=&#8221;&#8221; el_class=&#8221;overlap&#8221; css=&#8221;.vc_custom_1533026956511{margin-right: 0px !important;margin-left: 0px !important;padding-right: 15px !important;padding-left: 15px !important;}&#8221;][vc_column css_animation=&#8221;none&#8221; shadow_x_offset=&#8221;&#8221; shadow_y_offset=&#8221;&#8221; shadow_blur=&#8221;&#8221; shadow_spread=&#8221;&#8221; shadow_color=&#8221;&#8221; offset=&#8221;vc_col-lg-offset-0 vc_col-lg-12 vc_col-md-offset-0 vc_col-md-12 vc_col-xs-12&#8243; css=&#8221;.vc_custom_1538048195465{margin-top: -101px !important;}&#8221;][\/vc_column][\/vc_row][vc_row][vc_column][stm_spacer height=&#8221;124&#8243; [&hellip;]<\/p>\n","protected":false},"author":2,"featured_media":0,"parent":0,"menu_order":0,"comment_status":"closed","ping_status":"closed","template":"","meta":{"_joinchat":[],"footnotes":""},"class_list":["post-2077","page","type-page","status-publish","hentry"],"aioseo_notices":[],"_links":{"self":[{"href":"https:\/\/pansionbegusic.com\/pl\/wp-json\/wp\/v2\/pages\/2077","targetHints":{"allow":["GET"]}}],"collection":[{"href":"https:\/\/pansionbegusic.com\/pl\/wp-json\/wp\/v2\/pages"}],"about":[{"href":"https:\/\/pansionbegusic.com\/pl\/wp-json\/wp\/v2\/types\/page"}],"author":[{"embeddable":true,"href":"https:\/\/pansionbegusic.com\/pl\/wp-json\/wp\/v2\/users\/2"}],"replies":[{"embeddable":true,"href":"https:\/\/pansionbegusic.com\/pl\/wp-json\/wp\/v2\/comments?post=2077"}],"version-history":[{"count":4,"href":"https:\/\/pansionbegusic.com\/pl\/wp-json\/wp\/v2\/pages\/2077\/revisions"}],"predecessor-version":[{"id":2150,"href":"https:\/\/pansionbegusic.com\/pl\/wp-json\/wp\/v2\/pages\/2077\/revisions\/2150"}],"wp:attachment":[{"href":"https:\/\/pansionbegusic.com\/pl\/wp-json\/wp\/v2\/media?parent=2077"}],"curies":[{"name":"wp","href":"https:\/\/api.w.org\/{rel}","templated":true}]}}